{"id":2017,"date":"2015-11-23T15:09:49","date_gmt":"2015-11-23T14:09:49","guid":{"rendered":"http:\/\/la-residence.com\/le-restaurant\/?lang=en"},"modified":"2025-07-10T12:23:01","modified_gmt":"2025-07-10T11:23:01","slug":"le-restaurant","status":"publish","type":"page","link":"https:\/\/la-residence.com\/en\/le-restaurant\/","title":{"rendered":"Restaurant"},"content":{"rendered":"<p class=\"p1\"><strong><span class=\"s1\">It is often said that a cook&#8217;s cuisine reflects the personality of its creator. C\u00e9dric&#8217;s cuisine certainly reflects his personality: down to earth, rooted in the Vosges, but resolutely open to the world beyond. A subtle blend of various influences, which amazingly enriches the contents of the plate. <\/span><\/strong><\/p>\n<p class=\"p1\"><span class=\"s1\">Many people inhabit Cedric&#8217;s culinary universe, where his emotions are in tune with the seasons. Inventive gourmet dishes, surprising, astonishing combinations, The result is a complex alchemy of flavours, based on quality local products. <\/span><\/p>\n<p class=\"p1\"><span class=\"s1\">His specialities? First of all foie gras, presented in different ways as the mood takes him, meadowsweet, rhubarb, quince or Griottines &#8230; Then, all types of fish from all types of waters. Cedric will convert anyone who says they don&#8217;t like it! Finally meat: veal, quail, chicken, lamb &#8230; served with house staples, prepared with patience, and the finest accompaniments.<span class=\"Apple-converted-space\">\u00a0 <\/span>You will enjoy this cuisine, his cuisine, in a peaceful setting that is extremely pleasing to the senses. An airy, pleasant room opening onto a lush ever-changing landscape, sometimes with thousands of autumn colours, sometimes with the ingenuous whiteness of snow, sometimes with the many shades of springtime green &#8230; The generous size of the room in no way detracts from its intimate atmosphere. Under the soft lights that subtly illuminate each table, you will forget the world around you and fully enjoy the moment, allowing yourself to be lulled by the crackling of the flames in the hearth like a warm glow in the infinity of time. <\/span><\/p>\n<p class=\"p1\"><span class=\"s1\">Just as a metronome marks the rhythm, Jennyfer sets the pace for the service, without your noticing the slightest ripple. Her movements are graceful and accompanied by a smile, a few words and all the discretion needed for the expression of your culinary pleasure. Not to mention her astute advice on the best possible harmony between creative, gourmet cuisine and the many beverages sleeping peacefully beneath the vault, waiting to be tasted. <\/span><\/p>\n","protected":false},"excerpt":{"rendered":"<p><span class=\"s1\"><strong>Opening into a park with century-old trees<\/strong>, <br \/>our restaurant offers a cuisine full of flavour, <br \/>inspired by the Vosges region.<\/span><\/p>\r\n<h3>\u00a0<\/h3>","protected":false},"author":2,"featured_media":1079,"parent":0,"menu_order":11,"comment_status":"closed","ping_status":"closed","template":"template-restaurant.php","meta":{"_acf_changed":false,"footnotes":""},"class_list":["post-2017","page","type-page","status-publish","has-post-thumbnail","hentry"],"acf":[],"yoast_head":"<!-- This site is optimized with the Yoast SEO plugin v27.4 - https:\/\/yoast.com\/product\/yoast-seo-wordpress\/ -->\n<title>Restaurant - La R\u00e9sidence - H\u00f4tel &amp; Restaurant Val d&#039;Ajol<\/title>\n<meta name=\"description\" content=\"Restaurant dans les Vosges. H\u00f4tels logis des Vosges la R\u00e9sidence Val d&#039;ajol. S\u00e9jours et weekends vosges. Vacances en famille dans les Vosges.\u00a0\" \/>\n<meta name=\"robots\" content=\"index, follow, max-snippet:-1, max-image-preview:large, max-video-preview:-1\" \/>\n<link rel=\"canonical\" href=\"https:\/\/la-residence.com\/en\/le-restaurant\/\" \/>\n<meta property=\"og:locale\" content=\"en_US\" \/>\n<meta property=\"og:type\" content=\"article\" \/>\n<meta property=\"og:title\" content=\"Restaurant - La R\u00e9sidence - H\u00f4tel &amp; Restaurant Val d&#039;Ajol\" \/>\n<meta property=\"og:description\" content=\"Restaurant dans les Vosges. H\u00f4tels logis des Vosges la R\u00e9sidence Val d&#039;ajol. S\u00e9jours et weekends vosges. Vacances en famille dans les Vosges.\u00a0\" \/>\n<meta property=\"og:url\" content=\"https:\/\/la-residence.com\/en\/le-restaurant\/\" \/>\n<meta property=\"og:site_name\" content=\"La R\u00e9sidence - H\u00f4tel &amp; Restaurant Val d&#039;Ajol\" \/>\n<meta property=\"article:modified_time\" content=\"2025-07-10T11:23:01+00:00\" \/>\n<meta property=\"og:image\" content=\"https:\/\/la-residence.com\/wp-content\/uploads\/2015\/11\/restaurant-la-residence-val-dajol-hotel-vosges.jpg\" \/>\n\t<meta property=\"og:image:width\" content=\"1920\" \/>\n\t<meta property=\"og:image:height\" content=\"1280\" \/>\n\t<meta property=\"og:image:type\" content=\"image\/jpeg\" \/>\n<meta name=\"twitter:card\" content=\"summary_large_image\" \/>\n<meta name=\"twitter:label1\" content=\"Est. reading time\" \/>\n\t<meta name=\"twitter:data1\" content=\"2 minutes\" \/>\n<script type=\"application\/ld+json\" class=\"yoast-schema-graph\">{\"@context\":\"https:\\\/\\\/schema.org\",\"@graph\":[{\"@type\":\"WebPage\",\"@id\":\"https:\\\/\\\/la-residence.com\\\/en\\\/le-restaurant\\\/\",\"url\":\"https:\\\/\\\/la-residence.com\\\/en\\\/le-restaurant\\\/\",\"name\":\"Restaurant - La R\u00e9sidence - H\u00f4tel &amp; Restaurant Val d&#039;Ajol\",\"isPartOf\":{\"@id\":\"https:\\\/\\\/la-residence.com\\\/#website\"},\"primaryImageOfPage\":{\"@id\":\"https:\\\/\\\/la-residence.com\\\/en\\\/le-restaurant\\\/#primaryimage\"},\"image\":{\"@id\":\"https:\\\/\\\/la-residence.com\\\/en\\\/le-restaurant\\\/#primaryimage\"},\"thumbnailUrl\":\"https:\\\/\\\/la-residence.com\\\/wp-content\\\/uploads\\\/2015\\\/11\\\/restaurant-la-residence-val-dajol-hotel-vosges.jpg\",\"datePublished\":\"2015-11-23T14:09:49+00:00\",\"dateModified\":\"2025-07-10T11:23:01+00:00\",\"description\":\"Restaurant dans les Vosges. H\u00f4tels logis des Vosges la R\u00e9sidence Val d'ajol. S\u00e9jours et weekends vosges. Vacances en famille dans les Vosges.\u00a0\",\"breadcrumb\":{\"@id\":\"https:\\\/\\\/la-residence.com\\\/en\\\/le-restaurant\\\/#breadcrumb\"},\"inLanguage\":\"en-US\",\"potentialAction\":[{\"@type\":\"ReadAction\",\"target\":[\"https:\\\/\\\/la-residence.com\\\/en\\\/le-restaurant\\\/\"]}]},{\"@type\":\"ImageObject\",\"inLanguage\":\"en-US\",\"@id\":\"https:\\\/\\\/la-residence.com\\\/en\\\/le-restaurant\\\/#primaryimage\",\"url\":\"https:\\\/\\\/la-residence.com\\\/wp-content\\\/uploads\\\/2015\\\/11\\\/restaurant-la-residence-val-dajol-hotel-vosges.jpg\",\"contentUrl\":\"https:\\\/\\\/la-residence.com\\\/wp-content\\\/uploads\\\/2015\\\/11\\\/restaurant-la-residence-val-dajol-hotel-vosges.jpg\",\"width\":1920,\"height\":1280,\"caption\":\"Tourisme h\u00e9bergement restaurant vosges val d'ajol la residence activit\u00e9 s\u00e9jours vacances weekend vosges tourisme r\u00e9sidence chambres gastronomie m\u00e9ridionnales\"},{\"@type\":\"BreadcrumbList\",\"@id\":\"https:\\\/\\\/la-residence.com\\\/en\\\/le-restaurant\\\/#breadcrumb\",\"itemListElement\":[{\"@type\":\"ListItem\",\"position\":1,\"name\":\"Accueil\",\"item\":\"https:\\\/\\\/la-residence.com\\\/en\\\/\"},{\"@type\":\"ListItem\",\"position\":2,\"name\":\"Restaurant\"}]},{\"@type\":\"WebSite\",\"@id\":\"https:\\\/\\\/la-residence.com\\\/#website\",\"url\":\"https:\\\/\\\/la-residence.com\\\/\",\"name\":\"La R\u00e9sidence - H\u00f4tel &amp; Restaurant Val d&#039;Ajol\",\"description\":\"H\u00f4tel*** et Restaurant au Val d&#039;Ajol\",\"potentialAction\":[{\"@type\":\"SearchAction\",\"target\":{\"@type\":\"EntryPoint\",\"urlTemplate\":\"https:\\\/\\\/la-residence.com\\\/?s={search_term_string}\"},\"query-input\":{\"@type\":\"PropertyValueSpecification\",\"valueRequired\":true,\"valueName\":\"search_term_string\"}}],\"inLanguage\":\"en-US\"}]}<\/script>\n<!-- \/ Yoast SEO plugin. -->","yoast_head_json":{"title":"Restaurant - La R\u00e9sidence - H\u00f4tel &amp; Restaurant Val d&#039;Ajol","description":"Restaurant dans les Vosges. H\u00f4tels logis des Vosges la R\u00e9sidence Val d'ajol. S\u00e9jours et weekends vosges. Vacances en famille dans les Vosges.\u00a0","robots":{"index":"index","follow":"follow","max-snippet":"max-snippet:-1","max-image-preview":"max-image-preview:large","max-video-preview":"max-video-preview:-1"},"canonical":"https:\/\/la-residence.com\/en\/le-restaurant\/","og_locale":"en_US","og_type":"article","og_title":"Restaurant - La R\u00e9sidence - H\u00f4tel &amp; Restaurant Val d&#039;Ajol","og_description":"Restaurant dans les Vosges. H\u00f4tels logis des Vosges la R\u00e9sidence Val d'ajol. S\u00e9jours et weekends vosges. Vacances en famille dans les Vosges.\u00a0","og_url":"https:\/\/la-residence.com\/en\/le-restaurant\/","og_site_name":"La R\u00e9sidence - H\u00f4tel &amp; Restaurant Val d&#039;Ajol","article_modified_time":"2025-07-10T11:23:01+00:00","og_image":[{"width":1920,"height":1280,"url":"https:\/\/la-residence.com\/wp-content\/uploads\/2015\/11\/restaurant-la-residence-val-dajol-hotel-vosges.jpg","type":"image\/jpeg"}],"twitter_card":"summary_large_image","twitter_misc":{"Est. reading time":"2 minutes"},"schema":{"@context":"https:\/\/schema.org","@graph":[{"@type":"WebPage","@id":"https:\/\/la-residence.com\/en\/le-restaurant\/","url":"https:\/\/la-residence.com\/en\/le-restaurant\/","name":"Restaurant - La R\u00e9sidence - H\u00f4tel &amp; Restaurant Val d&#039;Ajol","isPartOf":{"@id":"https:\/\/la-residence.com\/#website"},"primaryImageOfPage":{"@id":"https:\/\/la-residence.com\/en\/le-restaurant\/#primaryimage"},"image":{"@id":"https:\/\/la-residence.com\/en\/le-restaurant\/#primaryimage"},"thumbnailUrl":"https:\/\/la-residence.com\/wp-content\/uploads\/2015\/11\/restaurant-la-residence-val-dajol-hotel-vosges.jpg","datePublished":"2015-11-23T14:09:49+00:00","dateModified":"2025-07-10T11:23:01+00:00","description":"Restaurant dans les Vosges. H\u00f4tels logis des Vosges la R\u00e9sidence Val d'ajol. S\u00e9jours et weekends vosges. Vacances en famille dans les Vosges.\u00a0","breadcrumb":{"@id":"https:\/\/la-residence.com\/en\/le-restaurant\/#breadcrumb"},"inLanguage":"en-US","potentialAction":[{"@type":"ReadAction","target":["https:\/\/la-residence.com\/en\/le-restaurant\/"]}]},{"@type":"ImageObject","inLanguage":"en-US","@id":"https:\/\/la-residence.com\/en\/le-restaurant\/#primaryimage","url":"https:\/\/la-residence.com\/wp-content\/uploads\/2015\/11\/restaurant-la-residence-val-dajol-hotel-vosges.jpg","contentUrl":"https:\/\/la-residence.com\/wp-content\/uploads\/2015\/11\/restaurant-la-residence-val-dajol-hotel-vosges.jpg","width":1920,"height":1280,"caption":"Tourisme h\u00e9bergement restaurant vosges val d'ajol la residence activit\u00e9 s\u00e9jours vacances weekend vosges tourisme r\u00e9sidence chambres gastronomie m\u00e9ridionnales"},{"@type":"BreadcrumbList","@id":"https:\/\/la-residence.com\/en\/le-restaurant\/#breadcrumb","itemListElement":[{"@type":"ListItem","position":1,"name":"Accueil","item":"https:\/\/la-residence.com\/en\/"},{"@type":"ListItem","position":2,"name":"Restaurant"}]},{"@type":"WebSite","@id":"https:\/\/la-residence.com\/#website","url":"https:\/\/la-residence.com\/","name":"La R\u00e9sidence - H\u00f4tel &amp; Restaurant Val d&#039;Ajol","description":"H\u00f4tel*** et Restaurant au Val d&#039;Ajol","potentialAction":[{"@type":"SearchAction","target":{"@type":"EntryPoint","urlTemplate":"https:\/\/la-residence.com\/?s={search_term_string}"},"query-input":{"@type":"PropertyValueSpecification","valueRequired":true,"valueName":"search_term_string"}}],"inLanguage":"en-US"}]}},"_links":{"self":[{"href":"https:\/\/la-residence.com\/en\/wp-json\/wp\/v2\/pages\/2017","targetHints":{"allow":["GET"]}}],"collection":[{"href":"https:\/\/la-residence.com\/en\/wp-json\/wp\/v2\/pages"}],"about":[{"href":"https:\/\/la-residence.com\/en\/wp-json\/wp\/v2\/types\/page"}],"author":[{"embeddable":true,"href":"https:\/\/la-residence.com\/en\/wp-json\/wp\/v2\/users\/2"}],"replies":[{"embeddable":true,"href":"https:\/\/la-residence.com\/en\/wp-json\/wp\/v2\/comments?post=2017"}],"version-history":[{"count":10,"href":"https:\/\/la-residence.com\/en\/wp-json\/wp\/v2\/pages\/2017\/revisions"}],"predecessor-version":[{"id":5889,"href":"https:\/\/la-residence.com\/en\/wp-json\/wp\/v2\/pages\/2017\/revisions\/5889"}],"wp:featuredmedia":[{"embeddable":true,"href":"https:\/\/la-residence.com\/en\/wp-json\/wp\/v2\/media\/1079"}],"wp:attachment":[{"href":"https:\/\/la-residence.com\/en\/wp-json\/wp\/v2\/media?parent=2017"}],"curies":[{"name":"wp","href":"https:\/\/api.w.org\/{rel}","templated":true}]}}