{"id":2044,"date":"2015-11-23T15:10:14","date_gmt":"2015-11-23T14:10:14","guid":{"rendered":"http:\/\/la-residence.com\/le-domaine\/?lang=en"},"modified":"2016-06-30T09:09:33","modified_gmt":"2016-06-30T08:09:33","slug":"le-domaine","status":"publish","type":"page","link":"https:\/\/la-residence.com\/en\/le-domaine\/","title":{"rendered":"The Estate"},"content":{"rendered":"<h3>Three generations of passion<\/h3>\n<p class=\"p1\">The R\u00e9sidence was created 55 years ago and has now been run by three generations of the same family.<br \/>\nMore than half a century of history has forged the reputation of this hotel,<br \/>\nwhich today continues to write new pages in a book that is certainly not yet ready to be closed.<\/p>\n","protected":false},"excerpt":{"rendered":"<p class=\"p1\"><span class=\"s1\">1961,\u00a0the start of a great family adventure. <\/span><\/p>","protected":false},"author":2,"featured_media":986,"parent":0,"menu_order":9,"comment_status":"closed","ping_status":"closed","template":"template-domaine.php","meta":{"_acf_changed":false,"footnotes":""},"class_list":["post-2044","page","type-page","status-publish","has-post-thumbnail","hentry"],"acf":[],"yoast_head":"<!-- This site is optimized with the Yoast SEO plugin v27.4 - https:\/\/yoast.com\/product\/yoast-seo-wordpress\/ -->\n<title>Domaine La R\u00e9sidence - H\u00f4tel &amp; Restaurant Val d&#039;Ajol - Vosges<\/title>\n<meta name=\"description\" content=\"H\u00e9bergement restaurant dans les Vosges. H\u00f4tels logis des vosges la R\u00e9sidence Val d&#039;Ajol. S\u00e9jours et weekends vosges. Vacances en famille dans les Vosges. Activit\u00e9s dans les Vosges.\u00a0\" \/>\n<meta name=\"robots\" content=\"index, follow, max-snippet:-1, max-image-preview:large, max-video-preview:-1\" \/>\n<link rel=\"canonical\" href=\"https:\/\/la-residence.com\/en\/le-domaine\/\" \/>\n<meta property=\"og:locale\" content=\"en_US\" \/>\n<meta property=\"og:type\" content=\"article\" \/>\n<meta property=\"og:title\" content=\"Domaine La R\u00e9sidence - H\u00f4tel &amp; Restaurant Val d&#039;Ajol - Vosges\" \/>\n<meta property=\"og:description\" content=\"H\u00e9bergement restaurant dans les Vosges. H\u00f4tels logis des vosges la R\u00e9sidence Val d&#039;Ajol. S\u00e9jours et weekends vosges. Vacances en famille dans les Vosges. Activit\u00e9s dans les Vosges.\u00a0\" \/>\n<meta property=\"og:url\" content=\"https:\/\/la-residence.com\/en\/le-domaine\/\" \/>\n<meta property=\"og:site_name\" content=\"La R\u00e9sidence - H\u00f4tel &amp; Restaurant Val d&#039;Ajol\" \/>\n<meta property=\"article:modified_time\" content=\"2016-06-30T08:09:33+00:00\" \/>\n<meta property=\"og:image\" content=\"https:\/\/la-residence.com\/wp-content\/uploads\/2015\/11\/domaine-2-e1451554652118.jpg\" \/>\n\t<meta property=\"og:image:width\" content=\"1920\" \/>\n\t<meta property=\"og:image:height\" content=\"1041\" \/>\n\t<meta property=\"og:image:type\" content=\"image\/jpeg\" \/>\n<meta name=\"twitter:card\" content=\"summary_large_image\" \/>\n<script type=\"application\/ld+json\" class=\"yoast-schema-graph\">{\"@context\":\"https:\\\/\\\/schema.org\",\"@graph\":[{\"@type\":\"WebPage\",\"@id\":\"https:\\\/\\\/la-residence.com\\\/en\\\/le-domaine\\\/\",\"url\":\"https:\\\/\\\/la-residence.com\\\/en\\\/le-domaine\\\/\",\"name\":\"Domaine La R\u00e9sidence - H\u00f4tel & Restaurant Val d'Ajol - Vosges\",\"isPartOf\":{\"@id\":\"https:\\\/\\\/la-residence.com\\\/#website\"},\"primaryImageOfPage\":{\"@id\":\"https:\\\/\\\/la-residence.com\\\/en\\\/le-domaine\\\/#primaryimage\"},\"image\":{\"@id\":\"https:\\\/\\\/la-residence.com\\\/en\\\/le-domaine\\\/#primaryimage\"},\"thumbnailUrl\":\"https:\\\/\\\/la-residence.com\\\/wp-content\\\/uploads\\\/2015\\\/11\\\/domaine-2-e1451554652118.jpg\",\"datePublished\":\"2015-11-23T14:10:14+00:00\",\"dateModified\":\"2016-06-30T08:09:33+00:00\",\"description\":\"H\u00e9bergement restaurant dans les Vosges. H\u00f4tels logis des vosges la R\u00e9sidence Val d'Ajol. S\u00e9jours et weekends vosges. Vacances en famille dans les Vosges. Activit\u00e9s dans les Vosges.\u00a0\",\"breadcrumb\":{\"@id\":\"https:\\\/\\\/la-residence.com\\\/en\\\/le-domaine\\\/#breadcrumb\"},\"inLanguage\":\"en-US\",\"potentialAction\":[{\"@type\":\"ReadAction\",\"target\":[\"https:\\\/\\\/la-residence.com\\\/en\\\/le-domaine\\\/\"]}]},{\"@type\":\"ImageObject\",\"inLanguage\":\"en-US\",\"@id\":\"https:\\\/\\\/la-residence.com\\\/en\\\/le-domaine\\\/#primaryimage\",\"url\":\"https:\\\/\\\/la-residence.com\\\/wp-content\\\/uploads\\\/2015\\\/11\\\/domaine-2-e1451554652118.jpg\",\"contentUrl\":\"https:\\\/\\\/la-residence.com\\\/wp-content\\\/uploads\\\/2015\\\/11\\\/domaine-2-e1451554652118.jpg\",\"width\":1920,\"height\":1041},{\"@type\":\"BreadcrumbList\",\"@id\":\"https:\\\/\\\/la-residence.com\\\/en\\\/le-domaine\\\/#breadcrumb\",\"itemListElement\":[{\"@type\":\"ListItem\",\"position\":1,\"name\":\"Accueil\",\"item\":\"https:\\\/\\\/la-residence.com\\\/en\\\/\"},{\"@type\":\"ListItem\",\"position\":2,\"name\":\"The Estate\"}]},{\"@type\":\"WebSite\",\"@id\":\"https:\\\/\\\/la-residence.com\\\/#website\",\"url\":\"https:\\\/\\\/la-residence.com\\\/\",\"name\":\"La R\u00e9sidence - H\u00f4tel &amp; Restaurant Val d&#039;Ajol\",\"description\":\"H\u00f4tel*** et Restaurant au Val d&#039;Ajol\",\"potentialAction\":[{\"@type\":\"SearchAction\",\"target\":{\"@type\":\"EntryPoint\",\"urlTemplate\":\"https:\\\/\\\/la-residence.com\\\/?s={search_term_string}\"},\"query-input\":{\"@type\":\"PropertyValueSpecification\",\"valueRequired\":true,\"valueName\":\"search_term_string\"}}],\"inLanguage\":\"en-US\"}]}<\/script>\n<!-- \/ Yoast SEO plugin. -->","yoast_head_json":{"title":"Domaine La R\u00e9sidence - H\u00f4tel & Restaurant Val d'Ajol - Vosges","description":"H\u00e9bergement restaurant dans les Vosges. H\u00f4tels logis des vosges la R\u00e9sidence Val d'Ajol. S\u00e9jours et weekends vosges. Vacances en famille dans les Vosges. Activit\u00e9s dans les Vosges.\u00a0","robots":{"index":"index","follow":"follow","max-snippet":"max-snippet:-1","max-image-preview":"max-image-preview:large","max-video-preview":"max-video-preview:-1"},"canonical":"https:\/\/la-residence.com\/en\/le-domaine\/","og_locale":"en_US","og_type":"article","og_title":"Domaine La R\u00e9sidence - H\u00f4tel & Restaurant Val d'Ajol - Vosges","og_description":"H\u00e9bergement restaurant dans les Vosges. H\u00f4tels logis des vosges la R\u00e9sidence Val d'Ajol. S\u00e9jours et weekends vosges. Vacances en famille dans les Vosges. Activit\u00e9s dans les Vosges.\u00a0","og_url":"https:\/\/la-residence.com\/en\/le-domaine\/","og_site_name":"La R\u00e9sidence - H\u00f4tel &amp; Restaurant Val d&#039;Ajol","article_modified_time":"2016-06-30T08:09:33+00:00","og_image":[{"width":1920,"height":1041,"url":"https:\/\/la-residence.com\/wp-content\/uploads\/2015\/11\/domaine-2-e1451554652118.jpg","type":"image\/jpeg"}],"twitter_card":"summary_large_image","schema":{"@context":"https:\/\/schema.org","@graph":[{"@type":"WebPage","@id":"https:\/\/la-residence.com\/en\/le-domaine\/","url":"https:\/\/la-residence.com\/en\/le-domaine\/","name":"Domaine La R\u00e9sidence - H\u00f4tel & Restaurant Val d'Ajol - Vosges","isPartOf":{"@id":"https:\/\/la-residence.com\/#website"},"primaryImageOfPage":{"@id":"https:\/\/la-residence.com\/en\/le-domaine\/#primaryimage"},"image":{"@id":"https:\/\/la-residence.com\/en\/le-domaine\/#primaryimage"},"thumbnailUrl":"https:\/\/la-residence.com\/wp-content\/uploads\/2015\/11\/domaine-2-e1451554652118.jpg","datePublished":"2015-11-23T14:10:14+00:00","dateModified":"2016-06-30T08:09:33+00:00","description":"H\u00e9bergement restaurant dans les Vosges. H\u00f4tels logis des vosges la R\u00e9sidence Val d'Ajol. S\u00e9jours et weekends vosges. Vacances en famille dans les Vosges. Activit\u00e9s dans les Vosges.\u00a0","breadcrumb":{"@id":"https:\/\/la-residence.com\/en\/le-domaine\/#breadcrumb"},"inLanguage":"en-US","potentialAction":[{"@type":"ReadAction","target":["https:\/\/la-residence.com\/en\/le-domaine\/"]}]},{"@type":"ImageObject","inLanguage":"en-US","@id":"https:\/\/la-residence.com\/en\/le-domaine\/#primaryimage","url":"https:\/\/la-residence.com\/wp-content\/uploads\/2015\/11\/domaine-2-e1451554652118.jpg","contentUrl":"https:\/\/la-residence.com\/wp-content\/uploads\/2015\/11\/domaine-2-e1451554652118.jpg","width":1920,"height":1041},{"@type":"BreadcrumbList","@id":"https:\/\/la-residence.com\/en\/le-domaine\/#breadcrumb","itemListElement":[{"@type":"ListItem","position":1,"name":"Accueil","item":"https:\/\/la-residence.com\/en\/"},{"@type":"ListItem","position":2,"name":"The Estate"}]},{"@type":"WebSite","@id":"https:\/\/la-residence.com\/#website","url":"https:\/\/la-residence.com\/","name":"La R\u00e9sidence - H\u00f4tel &amp; Restaurant Val d&#039;Ajol","description":"H\u00f4tel*** et Restaurant au Val d&#039;Ajol","potentialAction":[{"@type":"SearchAction","target":{"@type":"EntryPoint","urlTemplate":"https:\/\/la-residence.com\/?s={search_term_string}"},"query-input":{"@type":"PropertyValueSpecification","valueRequired":true,"valueName":"search_term_string"}}],"inLanguage":"en-US"}]}},"_links":{"self":[{"href":"https:\/\/la-residence.com\/en\/wp-json\/wp\/v2\/pages\/2044","targetHints":{"allow":["GET"]}}],"collection":[{"href":"https:\/\/la-residence.com\/en\/wp-json\/wp\/v2\/pages"}],"about":[{"href":"https:\/\/la-residence.com\/en\/wp-json\/wp\/v2\/types\/page"}],"author":[{"embeddable":true,"href":"https:\/\/la-residence.com\/en\/wp-json\/wp\/v2\/users\/2"}],"replies":[{"embeddable":true,"href":"https:\/\/la-residence.com\/en\/wp-json\/wp\/v2\/comments?post=2044"}],"version-history":[{"count":5,"href":"https:\/\/la-residence.com\/en\/wp-json\/wp\/v2\/pages\/2044\/revisions"}],"predecessor-version":[{"id":2230,"href":"https:\/\/la-residence.com\/en\/wp-json\/wp\/v2\/pages\/2044\/revisions\/2230"}],"wp:featuredmedia":[{"embeddable":true,"href":"https:\/\/la-residence.com\/en\/wp-json\/wp\/v2\/media\/986"}],"wp:attachment":[{"href":"https:\/\/la-residence.com\/en\/wp-json\/wp\/v2\/media?parent=2044"}],"curies":[{"name":"wp","href":"https:\/\/api.w.org\/{rel}","templated":true}]}}