{"id":2045,"date":"2015-11-23T15:17:08","date_gmt":"2015-11-23T14:17:08","guid":{"rendered":"http:\/\/la-residence.com\/nos-activites\/?lang=en"},"modified":"2016-06-30T09:48:31","modified_gmt":"2016-06-30T08:48:31","slug":"nos-activites","status":"publish","type":"page","link":"https:\/\/la-residence.com\/en\/nos-activites\/","title":{"rendered":"Our activities"},"content":{"rendered":"<p><strong>The leafy park promises you a quiet moment to relax with a good coffee, a cold drink and a good book, whilst a light breeze makes the leaves dance and caresses your face.<\/strong><\/p>\n<p>Just sitting or lying in the grass, you can listen to the silence of nature and learn to distinguish between the rustle of the leaves and the light steps of the squirrels. Watch nature come alive.<\/p>\n<p>For the most energetic, the famous white lines are an incentive to practice. A few yellow balls, a racket, and you can be the player of your dreams. Here, there are no clay courts or stands, only trees as spectators.<br \/>\nOr other guests, as long as you are worth it!<\/p>\n<p>For those who want a leisurely break, there are deck chairs alongside the swimming pool. On sunny days, the\u00a0 pool is completely uncovered to allow you to enjoy both the sun and the softness of the water, but heated and sheltered the rest of the year. Imagine splashing around in the water at 29\u00b0C and seeing a park covered in snow through the conservatory windows.<\/p>\n<p>If you are still missing the heat, then a short sauna session will complete your relaxation, whilst you while away the time!<\/p>\n<p>&nbsp;<\/p>\n","protected":false},"excerpt":{"rendered":"<p class=\"p1\"><strong>Stay at the R\u00e9sidence <\/strong><br \/> and enjoy the pleasures of an almost two-hectare estate<br \/> where everyone will find the perfect activity.<\/p>","protected":false},"author":2,"featured_media":1139,"parent":0,"menu_order":27,"comment_status":"closed","ping_status":"closed","template":"template-activite.php","meta":{"_acf_changed":false,"footnotes":""},"class_list":["post-2045","page","type-page","status-publish","has-post-thumbnail","hentry"],"acf":[],"yoast_head":"<!-- This site is optimized with the Yoast SEO plugin v27.3 - https:\/\/yoast.com\/product\/yoast-seo-wordpress\/ -->\n<title>Our activities - La R\u00e9sidence - H\u00f4tel &amp; Restaurant Val d&#039;Ajol<\/title>\n<meta name=\"description\" content=\"Activit\u00e9s, loisirs et culture dans les Vosges. H\u00f4tels logis des vosges la R\u00e9sidence Val d&#039;Ajol. S\u00e9jours et weekends vosges. Vacances en famille dans les Vosges. Activit\u00e9s dans les Vosges.\u00a0\" \/>\n<meta name=\"robots\" content=\"index, follow, max-snippet:-1, max-image-preview:large, max-video-preview:-1\" \/>\n<link rel=\"canonical\" href=\"https:\/\/la-residence.com\/en\/nos-activites\/\" \/>\n<meta property=\"og:locale\" content=\"en_US\" \/>\n<meta property=\"og:type\" content=\"article\" \/>\n<meta property=\"og:title\" content=\"Our activities - La R\u00e9sidence - H\u00f4tel &amp; Restaurant Val d&#039;Ajol\" \/>\n<meta property=\"og:description\" content=\"Activit\u00e9s, loisirs et culture dans les Vosges. H\u00f4tels logis des vosges la R\u00e9sidence Val d&#039;Ajol. S\u00e9jours et weekends vosges. Vacances en famille dans les Vosges. Activit\u00e9s dans les Vosges.\u00a0\" \/>\n<meta property=\"og:url\" content=\"https:\/\/la-residence.com\/en\/nos-activites\/\" \/>\n<meta property=\"og:site_name\" content=\"La R\u00e9sidence - H\u00f4tel &amp; Restaurant Val d&#039;Ajol\" \/>\n<meta property=\"article:modified_time\" content=\"2016-06-30T08:48:31+00:00\" \/>\n<meta property=\"og:image\" content=\"https:\/\/la-residence.com\/wp-content\/uploads\/2015\/11\/tennis-activites-la-residence-hotel-vosges.jpg\" \/>\n\t<meta property=\"og:image:width\" content=\"2500\" \/>\n\t<meta property=\"og:image:height\" content=\"1351\" \/>\n\t<meta property=\"og:image:type\" content=\"image\/jpeg\" \/>\n<meta name=\"twitter:card\" content=\"summary_large_image\" \/>\n<meta name=\"twitter:label1\" content=\"Est. reading time\" \/>\n\t<meta name=\"twitter:data1\" content=\"1 minute\" \/>\n<script type=\"application\/ld+json\" class=\"yoast-schema-graph\">{\"@context\":\"https:\\\/\\\/schema.org\",\"@graph\":[{\"@type\":\"WebPage\",\"@id\":\"https:\\\/\\\/la-residence.com\\\/en\\\/nos-activites\\\/\",\"url\":\"https:\\\/\\\/la-residence.com\\\/en\\\/nos-activites\\\/\",\"name\":\"Our activities - La R\u00e9sidence - H\u00f4tel &amp; Restaurant Val d&#039;Ajol\",\"isPartOf\":{\"@id\":\"https:\\\/\\\/la-residence.com\\\/#website\"},\"primaryImageOfPage\":{\"@id\":\"https:\\\/\\\/la-residence.com\\\/en\\\/nos-activites\\\/#primaryimage\"},\"image\":{\"@id\":\"https:\\\/\\\/la-residence.com\\\/en\\\/nos-activites\\\/#primaryimage\"},\"thumbnailUrl\":\"https:\\\/\\\/la-residence.com\\\/wp-content\\\/uploads\\\/2015\\\/11\\\/tennis-activites-la-residence-hotel-vosges.jpg\",\"datePublished\":\"2015-11-23T14:17:08+00:00\",\"dateModified\":\"2016-06-30T08:48:31+00:00\",\"description\":\"Activit\u00e9s, loisirs et culture dans les Vosges. H\u00f4tels logis des vosges la R\u00e9sidence Val d'Ajol. S\u00e9jours et weekends vosges. Vacances en famille dans les Vosges. Activit\u00e9s dans les Vosges.\u00a0\",\"breadcrumb\":{\"@id\":\"https:\\\/\\\/la-residence.com\\\/en\\\/nos-activites\\\/#breadcrumb\"},\"inLanguage\":\"en-US\",\"potentialAction\":[{\"@type\":\"ReadAction\",\"target\":[\"https:\\\/\\\/la-residence.com\\\/en\\\/nos-activites\\\/\"]}]},{\"@type\":\"ImageObject\",\"inLanguage\":\"en-US\",\"@id\":\"https:\\\/\\\/la-residence.com\\\/en\\\/nos-activites\\\/#primaryimage\",\"url\":\"https:\\\/\\\/la-residence.com\\\/wp-content\\\/uploads\\\/2015\\\/11\\\/tennis-activites-la-residence-hotel-vosges.jpg\",\"contentUrl\":\"https:\\\/\\\/la-residence.com\\\/wp-content\\\/uploads\\\/2015\\\/11\\\/tennis-activites-la-residence-hotel-vosges.jpg\",\"width\":2500,\"height\":1351,\"caption\":\"Tourisme h\u00e9bergement restaurant vosges val d'ajol la residence activit\u00e9 s\u00e9jours vacances weekend vosges tourisme r\u00e9sidence chambres gastronomie m\u00e9ridionnales\"},{\"@type\":\"BreadcrumbList\",\"@id\":\"https:\\\/\\\/la-residence.com\\\/en\\\/nos-activites\\\/#breadcrumb\",\"itemListElement\":[{\"@type\":\"ListItem\",\"position\":1,\"name\":\"Accueil\",\"item\":\"https:\\\/\\\/la-residence.com\\\/en\\\/\"},{\"@type\":\"ListItem\",\"position\":2,\"name\":\"Our activities\"}]},{\"@type\":\"WebSite\",\"@id\":\"https:\\\/\\\/la-residence.com\\\/#website\",\"url\":\"https:\\\/\\\/la-residence.com\\\/\",\"name\":\"La R\u00e9sidence - H\u00f4tel &amp; Restaurant Val d&#039;Ajol\",\"description\":\"H\u00f4tel*** et Restaurant au Val d&#039;Ajol\",\"potentialAction\":[{\"@type\":\"SearchAction\",\"target\":{\"@type\":\"EntryPoint\",\"urlTemplate\":\"https:\\\/\\\/la-residence.com\\\/?s={search_term_string}\"},\"query-input\":{\"@type\":\"PropertyValueSpecification\",\"valueRequired\":true,\"valueName\":\"search_term_string\"}}],\"inLanguage\":\"en-US\"}]}<\/script>\n<!-- \/ Yoast SEO plugin. -->","yoast_head_json":{"title":"Our activities - La R\u00e9sidence - H\u00f4tel &amp; Restaurant Val d&#039;Ajol","description":"Activit\u00e9s, loisirs et culture dans les Vosges. H\u00f4tels logis des vosges la R\u00e9sidence Val d'Ajol. S\u00e9jours et weekends vosges. Vacances en famille dans les Vosges. Activit\u00e9s dans les Vosges.\u00a0","robots":{"index":"index","follow":"follow","max-snippet":"max-snippet:-1","max-image-preview":"max-image-preview:large","max-video-preview":"max-video-preview:-1"},"canonical":"https:\/\/la-residence.com\/en\/nos-activites\/","og_locale":"en_US","og_type":"article","og_title":"Our activities - La R\u00e9sidence - H\u00f4tel &amp; Restaurant Val d&#039;Ajol","og_description":"Activit\u00e9s, loisirs et culture dans les Vosges. H\u00f4tels logis des vosges la R\u00e9sidence Val d'Ajol. S\u00e9jours et weekends vosges. Vacances en famille dans les Vosges. Activit\u00e9s dans les Vosges.\u00a0","og_url":"https:\/\/la-residence.com\/en\/nos-activites\/","og_site_name":"La R\u00e9sidence - H\u00f4tel &amp; Restaurant Val d&#039;Ajol","article_modified_time":"2016-06-30T08:48:31+00:00","og_image":[{"width":2500,"height":1351,"url":"https:\/\/la-residence.com\/wp-content\/uploads\/2015\/11\/tennis-activites-la-residence-hotel-vosges.jpg","type":"image\/jpeg"}],"twitter_card":"summary_large_image","twitter_misc":{"Est. reading time":"1 minute"},"schema":{"@context":"https:\/\/schema.org","@graph":[{"@type":"WebPage","@id":"https:\/\/la-residence.com\/en\/nos-activites\/","url":"https:\/\/la-residence.com\/en\/nos-activites\/","name":"Our activities - La R\u00e9sidence - H\u00f4tel &amp; Restaurant Val d&#039;Ajol","isPartOf":{"@id":"https:\/\/la-residence.com\/#website"},"primaryImageOfPage":{"@id":"https:\/\/la-residence.com\/en\/nos-activites\/#primaryimage"},"image":{"@id":"https:\/\/la-residence.com\/en\/nos-activites\/#primaryimage"},"thumbnailUrl":"https:\/\/la-residence.com\/wp-content\/uploads\/2015\/11\/tennis-activites-la-residence-hotel-vosges.jpg","datePublished":"2015-11-23T14:17:08+00:00","dateModified":"2016-06-30T08:48:31+00:00","description":"Activit\u00e9s, loisirs et culture dans les Vosges. H\u00f4tels logis des vosges la R\u00e9sidence Val d'Ajol. S\u00e9jours et weekends vosges. Vacances en famille dans les Vosges. Activit\u00e9s dans les Vosges.\u00a0","breadcrumb":{"@id":"https:\/\/la-residence.com\/en\/nos-activites\/#breadcrumb"},"inLanguage":"en-US","potentialAction":[{"@type":"ReadAction","target":["https:\/\/la-residence.com\/en\/nos-activites\/"]}]},{"@type":"ImageObject","inLanguage":"en-US","@id":"https:\/\/la-residence.com\/en\/nos-activites\/#primaryimage","url":"https:\/\/la-residence.com\/wp-content\/uploads\/2015\/11\/tennis-activites-la-residence-hotel-vosges.jpg","contentUrl":"https:\/\/la-residence.com\/wp-content\/uploads\/2015\/11\/tennis-activites-la-residence-hotel-vosges.jpg","width":2500,"height":1351,"caption":"Tourisme h\u00e9bergement restaurant vosges val d'ajol la residence activit\u00e9 s\u00e9jours vacances weekend vosges tourisme r\u00e9sidence chambres gastronomie m\u00e9ridionnales"},{"@type":"BreadcrumbList","@id":"https:\/\/la-residence.com\/en\/nos-activites\/#breadcrumb","itemListElement":[{"@type":"ListItem","position":1,"name":"Accueil","item":"https:\/\/la-residence.com\/en\/"},{"@type":"ListItem","position":2,"name":"Our activities"}]},{"@type":"WebSite","@id":"https:\/\/la-residence.com\/#website","url":"https:\/\/la-residence.com\/","name":"La R\u00e9sidence - H\u00f4tel &amp; Restaurant Val d&#039;Ajol","description":"H\u00f4tel*** et Restaurant au Val d&#039;Ajol","potentialAction":[{"@type":"SearchAction","target":{"@type":"EntryPoint","urlTemplate":"https:\/\/la-residence.com\/?s={search_term_string}"},"query-input":{"@type":"PropertyValueSpecification","valueRequired":true,"valueName":"search_term_string"}}],"inLanguage":"en-US"}]}},"_links":{"self":[{"href":"https:\/\/la-residence.com\/en\/wp-json\/wp\/v2\/pages\/2045","targetHints":{"allow":["GET"]}}],"collection":[{"href":"https:\/\/la-residence.com\/en\/wp-json\/wp\/v2\/pages"}],"about":[{"href":"https:\/\/la-residence.com\/en\/wp-json\/wp\/v2\/types\/page"}],"author":[{"embeddable":true,"href":"https:\/\/la-residence.com\/en\/wp-json\/wp\/v2\/users\/2"}],"replies":[{"embeddable":true,"href":"https:\/\/la-residence.com\/en\/wp-json\/wp\/v2\/comments?post=2045"}],"version-history":[{"count":5,"href":"https:\/\/la-residence.com\/en\/wp-json\/wp\/v2\/pages\/2045\/revisions"}],"predecessor-version":[{"id":2243,"href":"https:\/\/la-residence.com\/en\/wp-json\/wp\/v2\/pages\/2045\/revisions\/2243"}],"wp:featuredmedia":[{"embeddable":true,"href":"https:\/\/la-residence.com\/en\/wp-json\/wp\/v2\/media\/1139"}],"wp:attachment":[{"href":"https:\/\/la-residence.com\/en\/wp-json\/wp\/v2\/media?parent=2045"}],"curies":[{"name":"wp","href":"https:\/\/api.w.org\/{rel}","templated":true}]}}