{"id":2046,"date":"2015-12-03T11:54:17","date_gmt":"2015-12-03T10:54:17","guid":{"rendered":"http:\/\/la-residence.com\/les-sejours\/?lang=en"},"modified":"2016-06-30T13:29:24","modified_gmt":"2016-06-30T12:29:24","slug":"les-sejours","status":"publish","type":"page","link":"https:\/\/la-residence.com\/en\/les-sejours\/","title":{"rendered":"Shorts breaks"},"content":{"rendered":"<p><strong>Among the oldest mountains in Europe, <\/strong><br \/>\n<strong> the Vosges are known for their gentle, generous curves.<\/strong><\/p>\n<p>These &#8220;Ballons&#8221;, no higher than 1424 m (Grand Ballon in the south of the mountains), offer visitors breathtaking scenery.<br \/>\nThere are hundreds of trails that wind across the entire range, close to a peak, the Ballon d&#8217;Alsace, Markstein, Tanet, Gazon du Faing &#8230; or by chance a lake: Lac Blanc, Lac Vert, Lac des Perches, Lac Forlet, and others.<\/p>\n<p>Not to mention a gourmet break in one of the many farm\/inns in the mountains, where you can taste the famous Marcaire meal: soup, meat pie, smoked sausage and potatoes with bacon, fromage blanc with Kirsch liqueur &#8230; You will definitely need a good hike in the countryside after that!<\/p>\n<p>Besides hiking in summer, you can also go skiing (alpine or cross-country) and snowshoeing in the various mountain resorts. And mountain biking on downhill tracks specially designed for bike fans, summer tobogganing, horse riding, etc.<\/p>\n<p>The Hautes-Vosges are not short of possibilities and offer various activities for every season and for every taste.<\/p>\n","protected":false},"excerpt":{"rendered":"<p class=\"p1\"><strong>For couples, families or friends, <\/strong><br \/> discover the Vosges mountains and all their riches:<br \/> their heritage, gastronomy, lush landscape, thermal baths.<br \/> Each stay will bring a new discovery&#8230;<\/p>\r\n<p class=\"p1\">\u00a0<\/p>\r\n<p class=\"p1\">\u00a0<\/p>","protected":false},"author":2,"featured_media":1555,"parent":0,"menu_order":14,"comment_status":"closed","ping_status":"closed","template":"template-sejours.php","meta":{"_acf_changed":false,"footnotes":""},"class_list":["post-2046","page","type-page","status-publish","has-post-thumbnail","hentry"],"acf":[],"yoast_head":"<!-- This site is optimized with the Yoast SEO plugin v27.4 - https:\/\/yoast.com\/product\/yoast-seo-wordpress\/ -->\n<title>Shorts breaks - La R\u00e9sidence - H\u00f4tel &amp; Restaurant Val d&#039;Ajol<\/title>\n<meta name=\"description\" content=\"S\u00e9jours et escapades dans les Vosges. H\u00f4tels logis des vosges la R\u00e9sidence Val d&#039;Ajol. S\u00e9jours et weekends vosges. Vacances en famille dans les Vosges. Activit\u00e9s dans les Vosges.\u00a0\" \/>\n<meta name=\"robots\" content=\"index, follow, max-snippet:-1, max-image-preview:large, max-video-preview:-1\" \/>\n<link rel=\"canonical\" href=\"https:\/\/la-residence.com\/en\/les-sejours\/\" \/>\n<meta property=\"og:locale\" content=\"en_US\" \/>\n<meta property=\"og:type\" content=\"article\" \/>\n<meta property=\"og:title\" content=\"Shorts breaks - La R\u00e9sidence - H\u00f4tel &amp; Restaurant Val d&#039;Ajol\" \/>\n<meta property=\"og:description\" content=\"S\u00e9jours et escapades dans les Vosges. H\u00f4tels logis des vosges la R\u00e9sidence Val d&#039;Ajol. S\u00e9jours et weekends vosges. Vacances en famille dans les Vosges. Activit\u00e9s dans les Vosges.\u00a0\" \/>\n<meta property=\"og:url\" content=\"https:\/\/la-residence.com\/en\/les-sejours\/\" \/>\n<meta property=\"og:site_name\" content=\"La R\u00e9sidence - H\u00f4tel &amp; Restaurant Val d&#039;Ajol\" \/>\n<meta property=\"article:modified_time\" content=\"2016-06-30T12:29:24+00:00\" \/>\n<meta property=\"og:image\" content=\"https:\/\/la-residence.com\/wp-content\/uploads\/2015\/11\/sejours-la-residence-mobile-hotel-vosges-val-dajol.jpg\" \/>\n\t<meta property=\"og:image:width\" content=\"750\" \/>\n\t<meta property=\"og:image:height\" content=\"1334\" \/>\n\t<meta property=\"og:image:type\" content=\"image\/jpeg\" \/>\n<meta name=\"twitter:card\" content=\"summary_large_image\" \/>\n<meta name=\"twitter:label1\" content=\"Est. reading time\" \/>\n\t<meta name=\"twitter:data1\" content=\"1 minute\" \/>\n<script type=\"application\/ld+json\" class=\"yoast-schema-graph\">{\"@context\":\"https:\\\/\\\/schema.org\",\"@graph\":[{\"@type\":\"WebPage\",\"@id\":\"https:\\\/\\\/la-residence.com\\\/en\\\/les-sejours\\\/\",\"url\":\"https:\\\/\\\/la-residence.com\\\/en\\\/les-sejours\\\/\",\"name\":\"Shorts breaks - La R\u00e9sidence - H\u00f4tel &amp; Restaurant Val d&#039;Ajol\",\"isPartOf\":{\"@id\":\"https:\\\/\\\/la-residence.com\\\/#website\"},\"primaryImageOfPage\":{\"@id\":\"https:\\\/\\\/la-residence.com\\\/en\\\/les-sejours\\\/#primaryimage\"},\"image\":{\"@id\":\"https:\\\/\\\/la-residence.com\\\/en\\\/les-sejours\\\/#primaryimage\"},\"thumbnailUrl\":\"https:\\\/\\\/la-residence.com\\\/wp-content\\\/uploads\\\/2015\\\/11\\\/sejours-la-residence-mobile-hotel-vosges-val-dajol.jpg\",\"datePublished\":\"2015-12-03T10:54:17+00:00\",\"dateModified\":\"2016-06-30T12:29:24+00:00\",\"description\":\"S\u00e9jours et escapades dans les Vosges. H\u00f4tels logis des vosges la R\u00e9sidence Val d'Ajol. S\u00e9jours et weekends vosges. Vacances en famille dans les Vosges. Activit\u00e9s dans les Vosges.\u00a0\",\"breadcrumb\":{\"@id\":\"https:\\\/\\\/la-residence.com\\\/en\\\/les-sejours\\\/#breadcrumb\"},\"inLanguage\":\"en-US\",\"potentialAction\":[{\"@type\":\"ReadAction\",\"target\":[\"https:\\\/\\\/la-residence.com\\\/en\\\/les-sejours\\\/\"]}]},{\"@type\":\"ImageObject\",\"inLanguage\":\"en-US\",\"@id\":\"https:\\\/\\\/la-residence.com\\\/en\\\/les-sejours\\\/#primaryimage\",\"url\":\"https:\\\/\\\/la-residence.com\\\/wp-content\\\/uploads\\\/2015\\\/11\\\/sejours-la-residence-mobile-hotel-vosges-val-dajol.jpg\",\"contentUrl\":\"https:\\\/\\\/la-residence.com\\\/wp-content\\\/uploads\\\/2015\\\/11\\\/sejours-la-residence-mobile-hotel-vosges-val-dajol.jpg\",\"width\":750,\"height\":1334,\"caption\":\"Tourisme h\u00e9bergement restaurant vosges val d'ajol la residence activit\u00e9 s\u00e9jours vacances weekend vosges tourisme r\u00e9sidence chambres gastronomie m\u00e9ridionnales\"},{\"@type\":\"BreadcrumbList\",\"@id\":\"https:\\\/\\\/la-residence.com\\\/en\\\/les-sejours\\\/#breadcrumb\",\"itemListElement\":[{\"@type\":\"ListItem\",\"position\":1,\"name\":\"Accueil\",\"item\":\"https:\\\/\\\/la-residence.com\\\/en\\\/\"},{\"@type\":\"ListItem\",\"position\":2,\"name\":\"Shorts breaks\"}]},{\"@type\":\"WebSite\",\"@id\":\"https:\\\/\\\/la-residence.com\\\/#website\",\"url\":\"https:\\\/\\\/la-residence.com\\\/\",\"name\":\"La R\u00e9sidence - H\u00f4tel &amp; Restaurant Val d&#039;Ajol\",\"description\":\"H\u00f4tel*** et Restaurant au Val d&#039;Ajol\",\"potentialAction\":[{\"@type\":\"SearchAction\",\"target\":{\"@type\":\"EntryPoint\",\"urlTemplate\":\"https:\\\/\\\/la-residence.com\\\/?s={search_term_string}\"},\"query-input\":{\"@type\":\"PropertyValueSpecification\",\"valueRequired\":true,\"valueName\":\"search_term_string\"}}],\"inLanguage\":\"en-US\"}]}<\/script>\n<!-- \/ Yoast SEO plugin. -->","yoast_head_json":{"title":"Shorts breaks - La R\u00e9sidence - H\u00f4tel &amp; Restaurant Val d&#039;Ajol","description":"S\u00e9jours et escapades dans les Vosges. H\u00f4tels logis des vosges la R\u00e9sidence Val d'Ajol. S\u00e9jours et weekends vosges. Vacances en famille dans les Vosges. Activit\u00e9s dans les Vosges.\u00a0","robots":{"index":"index","follow":"follow","max-snippet":"max-snippet:-1","max-image-preview":"max-image-preview:large","max-video-preview":"max-video-preview:-1"},"canonical":"https:\/\/la-residence.com\/en\/les-sejours\/","og_locale":"en_US","og_type":"article","og_title":"Shorts breaks - La R\u00e9sidence - H\u00f4tel &amp; Restaurant Val d&#039;Ajol","og_description":"S\u00e9jours et escapades dans les Vosges. H\u00f4tels logis des vosges la R\u00e9sidence Val d'Ajol. S\u00e9jours et weekends vosges. Vacances en famille dans les Vosges. Activit\u00e9s dans les Vosges.\u00a0","og_url":"https:\/\/la-residence.com\/en\/les-sejours\/","og_site_name":"La R\u00e9sidence - H\u00f4tel &amp; Restaurant Val d&#039;Ajol","article_modified_time":"2016-06-30T12:29:24+00:00","og_image":[{"width":750,"height":1334,"url":"https:\/\/la-residence.com\/wp-content\/uploads\/2015\/11\/sejours-la-residence-mobile-hotel-vosges-val-dajol.jpg","type":"image\/jpeg"}],"twitter_card":"summary_large_image","twitter_misc":{"Est. reading time":"1 minute"},"schema":{"@context":"https:\/\/schema.org","@graph":[{"@type":"WebPage","@id":"https:\/\/la-residence.com\/en\/les-sejours\/","url":"https:\/\/la-residence.com\/en\/les-sejours\/","name":"Shorts breaks - La R\u00e9sidence - H\u00f4tel &amp; Restaurant Val d&#039;Ajol","isPartOf":{"@id":"https:\/\/la-residence.com\/#website"},"primaryImageOfPage":{"@id":"https:\/\/la-residence.com\/en\/les-sejours\/#primaryimage"},"image":{"@id":"https:\/\/la-residence.com\/en\/les-sejours\/#primaryimage"},"thumbnailUrl":"https:\/\/la-residence.com\/wp-content\/uploads\/2015\/11\/sejours-la-residence-mobile-hotel-vosges-val-dajol.jpg","datePublished":"2015-12-03T10:54:17+00:00","dateModified":"2016-06-30T12:29:24+00:00","description":"S\u00e9jours et escapades dans les Vosges. H\u00f4tels logis des vosges la R\u00e9sidence Val d'Ajol. S\u00e9jours et weekends vosges. Vacances en famille dans les Vosges. Activit\u00e9s dans les Vosges.\u00a0","breadcrumb":{"@id":"https:\/\/la-residence.com\/en\/les-sejours\/#breadcrumb"},"inLanguage":"en-US","potentialAction":[{"@type":"ReadAction","target":["https:\/\/la-residence.com\/en\/les-sejours\/"]}]},{"@type":"ImageObject","inLanguage":"en-US","@id":"https:\/\/la-residence.com\/en\/les-sejours\/#primaryimage","url":"https:\/\/la-residence.com\/wp-content\/uploads\/2015\/11\/sejours-la-residence-mobile-hotel-vosges-val-dajol.jpg","contentUrl":"https:\/\/la-residence.com\/wp-content\/uploads\/2015\/11\/sejours-la-residence-mobile-hotel-vosges-val-dajol.jpg","width":750,"height":1334,"caption":"Tourisme h\u00e9bergement restaurant vosges val d'ajol la residence activit\u00e9 s\u00e9jours vacances weekend vosges tourisme r\u00e9sidence chambres gastronomie m\u00e9ridionnales"},{"@type":"BreadcrumbList","@id":"https:\/\/la-residence.com\/en\/les-sejours\/#breadcrumb","itemListElement":[{"@type":"ListItem","position":1,"name":"Accueil","item":"https:\/\/la-residence.com\/en\/"},{"@type":"ListItem","position":2,"name":"Shorts breaks"}]},{"@type":"WebSite","@id":"https:\/\/la-residence.com\/#website","url":"https:\/\/la-residence.com\/","name":"La R\u00e9sidence - H\u00f4tel &amp; Restaurant Val d&#039;Ajol","description":"H\u00f4tel*** et Restaurant au Val d&#039;Ajol","potentialAction":[{"@type":"SearchAction","target":{"@type":"EntryPoint","urlTemplate":"https:\/\/la-residence.com\/?s={search_term_string}"},"query-input":{"@type":"PropertyValueSpecification","valueRequired":true,"valueName":"search_term_string"}}],"inLanguage":"en-US"}]}},"_links":{"self":[{"href":"https:\/\/la-residence.com\/en\/wp-json\/wp\/v2\/pages\/2046","targetHints":{"allow":["GET"]}}],"collection":[{"href":"https:\/\/la-residence.com\/en\/wp-json\/wp\/v2\/pages"}],"about":[{"href":"https:\/\/la-residence.com\/en\/wp-json\/wp\/v2\/types\/page"}],"author":[{"embeddable":true,"href":"https:\/\/la-residence.com\/en\/wp-json\/wp\/v2\/users\/2"}],"replies":[{"embeddable":true,"href":"https:\/\/la-residence.com\/en\/wp-json\/wp\/v2\/comments?post=2046"}],"version-history":[{"count":5,"href":"https:\/\/la-residence.com\/en\/wp-json\/wp\/v2\/pages\/2046\/revisions"}],"predecessor-version":[{"id":2370,"href":"https:\/\/la-residence.com\/en\/wp-json\/wp\/v2\/pages\/2046\/revisions\/2370"}],"wp:featuredmedia":[{"embeddable":true,"href":"https:\/\/la-residence.com\/en\/wp-json\/wp\/v2\/media\/1555"}],"wp:attachment":[{"href":"https:\/\/la-residence.com\/en\/wp-json\/wp\/v2\/media?parent=2046"}],"curies":[{"name":"wp","href":"https:\/\/api.w.org\/{rel}","templated":true}]}}