{"id":2048,"date":"2015-11-23T15:09:38","date_gmt":"2015-11-23T14:09:38","guid":{"rendered":"http:\/\/la-residence.com\/nos-hebergements\/?lang=en"},"modified":"2024-03-02T21:01:09","modified_gmt":"2024-03-02T20:01:09","slug":"nos-hebergements","status":"publish","type":"page","link":"https:\/\/la-residence.com\/en\/lorangerie\/nos-hebergements\/","title":{"rendered":"Our Accomodation"},"content":{"rendered":"<p class=\"p1\"><span class=\"s1\">You will find rooms decorated in colours or textures to reflect the period, with a touch of the contemporary. The first floor rooms are generous in size with high ceilings and the second floor has large, cosy attic rooms. <\/span><\/p>\n<p class=\"p1\"><strong>BOOK DIRECTLY: BEST PRICE GUARANTEED<\/strong><\/p>\n<p class=\"p1\"><span style=\"color: #ffffff;\">*<\/span><\/p>\n","protected":false},"excerpt":{"rendered":"<p class=\"p1\"><span class=\"s1\"><strong>In this beautiful 19th century mansion,<\/strong><br \/>at the top of its &#8220;Belle \u00c9poque&#8221; staircase imbued with memories, <br \/>you will find stylish, spacious, elegantly decorated rooms. <\/span><\/p>","protected":false},"author":2,"featured_media":928,"parent":2060,"menu_order":25,"comment_status":"closed","ping_status":"closed","template":"template-hebergement.php","meta":{"_acf_changed":false,"footnotes":""},"class_list":["post-2048","page","type-page","status-publish","has-post-thumbnail","hentry"],"acf":[],"yoast_head":"<!-- This site is optimized with the Yoast SEO plugin v27.3 - https:\/\/yoast.com\/product\/yoast-seo-wordpress\/ -->\n<title>Our Accomodation - La R\u00e9sidence - H\u00f4tel &amp; Restaurant Val d&#039;Ajol<\/title>\n<meta name=\"description\" content=\"H\u00e9bergement dans les Vosges. H\u00f4tels logis des vosges la R\u00e9sidence Val d&#039;ajol. S\u00e9jours et weekends vosges. Vacances en famille dans les Vosges.\u00a0\" \/>\n<meta name=\"robots\" content=\"index, follow, max-snippet:-1, max-image-preview:large, max-video-preview:-1\" \/>\n<link rel=\"canonical\" href=\"https:\/\/la-residence.com\/en\/nos-hebergements\/\" \/>\n<meta property=\"og:locale\" content=\"en_US\" \/>\n<meta property=\"og:type\" content=\"article\" \/>\n<meta property=\"og:title\" content=\"Our Accomodation - La R\u00e9sidence - H\u00f4tel &amp; Restaurant Val d&#039;Ajol\" \/>\n<meta property=\"og:description\" content=\"H\u00e9bergement dans les Vosges. H\u00f4tels logis des vosges la R\u00e9sidence Val d&#039;ajol. S\u00e9jours et weekends vosges. Vacances en famille dans les Vosges.\u00a0\" \/>\n<meta property=\"og:url\" content=\"https:\/\/la-residence.com\/en\/nos-hebergements\/\" \/>\n<meta property=\"og:site_name\" content=\"La R\u00e9sidence - H\u00f4tel &amp; Restaurant Val d&#039;Ajol\" \/>\n<meta property=\"article:modified_time\" content=\"2024-03-02T20:01:09+00:00\" \/>\n<meta property=\"og:image\" content=\"https:\/\/la-residence.com\/wp-content\/uploads\/2015\/11\/hotel-la-residence-vosges-19.jpg\" \/>\n\t<meta property=\"og:image:width\" content=\"1920\" \/>\n\t<meta property=\"og:image:height\" content=\"1278\" \/>\n\t<meta property=\"og:image:type\" content=\"image\/jpeg\" \/>\n<meta name=\"twitter:card\" content=\"summary_large_image\" \/>\n<meta name=\"twitter:label1\" content=\"Est. reading time\" \/>\n\t<meta name=\"twitter:data1\" content=\"1 minute\" \/>\n<script type=\"application\/ld+json\" class=\"yoast-schema-graph\">{\"@context\":\"https:\\\/\\\/schema.org\",\"@graph\":[{\"@type\":\"WebPage\",\"@id\":\"https:\\\/\\\/la-residence.com\\\/en\\\/nos-hebergements\\\/\",\"url\":\"https:\\\/\\\/la-residence.com\\\/en\\\/nos-hebergements\\\/\",\"name\":\"Our Accomodation - La R\u00e9sidence - H\u00f4tel &amp; Restaurant Val d&#039;Ajol\",\"isPartOf\":{\"@id\":\"https:\\\/\\\/la-residence.com\\\/#website\"},\"primaryImageOfPage\":{\"@id\":\"https:\\\/\\\/la-residence.com\\\/en\\\/nos-hebergements\\\/#primaryimage\"},\"image\":{\"@id\":\"https:\\\/\\\/la-residence.com\\\/en\\\/nos-hebergements\\\/#primaryimage\"},\"thumbnailUrl\":\"https:\\\/\\\/la-residence.com\\\/wp-content\\\/uploads\\\/2015\\\/11\\\/hotel-la-residence-vosges-19.jpg\",\"datePublished\":\"2015-11-23T14:09:38+00:00\",\"dateModified\":\"2024-03-02T20:01:09+00:00\",\"description\":\"H\u00e9bergement dans les Vosges. H\u00f4tels logis des vosges la R\u00e9sidence Val d'ajol. S\u00e9jours et weekends vosges. Vacances en famille dans les Vosges.\u00a0\",\"breadcrumb\":{\"@id\":\"https:\\\/\\\/la-residence.com\\\/en\\\/nos-hebergements\\\/#breadcrumb\"},\"inLanguage\":\"en-US\",\"potentialAction\":[{\"@type\":\"ReadAction\",\"target\":[\"https:\\\/\\\/la-residence.com\\\/en\\\/nos-hebergements\\\/\"]}]},{\"@type\":\"ImageObject\",\"inLanguage\":\"en-US\",\"@id\":\"https:\\\/\\\/la-residence.com\\\/en\\\/nos-hebergements\\\/#primaryimage\",\"url\":\"https:\\\/\\\/la-residence.com\\\/wp-content\\\/uploads\\\/2015\\\/11\\\/hotel-la-residence-vosges-19.jpg\",\"contentUrl\":\"https:\\\/\\\/la-residence.com\\\/wp-content\\\/uploads\\\/2015\\\/11\\\/hotel-la-residence-vosges-19.jpg\",\"width\":1920,\"height\":1278,\"caption\":\"Tourisme h\u00e9bergement restaurant vosges val d'ajol la residence activit\u00e9 s\u00e9jours vacances weekend vosges tourisme r\u00e9sidence chambres gastronomie m\u00e9ridionnales\"},{\"@type\":\"BreadcrumbList\",\"@id\":\"https:\\\/\\\/la-residence.com\\\/en\\\/nos-hebergements\\\/#breadcrumb\",\"itemListElement\":[{\"@type\":\"ListItem\",\"position\":1,\"name\":\"Accueil\",\"item\":\"https:\\\/\\\/la-residence.com\\\/en\\\/\"},{\"@type\":\"ListItem\",\"position\":2,\"name\":\"Our Accomodation\"}]},{\"@type\":\"WebSite\",\"@id\":\"https:\\\/\\\/la-residence.com\\\/#website\",\"url\":\"https:\\\/\\\/la-residence.com\\\/\",\"name\":\"La R\u00e9sidence - H\u00f4tel &amp; Restaurant Val d&#039;Ajol\",\"description\":\"H\u00f4tel*** et Restaurant au Val d&#039;Ajol\",\"potentialAction\":[{\"@type\":\"SearchAction\",\"target\":{\"@type\":\"EntryPoint\",\"urlTemplate\":\"https:\\\/\\\/la-residence.com\\\/?s={search_term_string}\"},\"query-input\":{\"@type\":\"PropertyValueSpecification\",\"valueRequired\":true,\"valueName\":\"search_term_string\"}}],\"inLanguage\":\"en-US\"}]}<\/script>\n<!-- \/ Yoast SEO plugin. -->","yoast_head_json":{"title":"Our Accomodation - La R\u00e9sidence - H\u00f4tel &amp; Restaurant Val d&#039;Ajol","description":"H\u00e9bergement dans les Vosges. H\u00f4tels logis des vosges la R\u00e9sidence Val d'ajol. S\u00e9jours et weekends vosges. Vacances en famille dans les Vosges.\u00a0","robots":{"index":"index","follow":"follow","max-snippet":"max-snippet:-1","max-image-preview":"max-image-preview:large","max-video-preview":"max-video-preview:-1"},"canonical":"https:\/\/la-residence.com\/en\/nos-hebergements\/","og_locale":"en_US","og_type":"article","og_title":"Our Accomodation - La R\u00e9sidence - H\u00f4tel &amp; Restaurant Val d&#039;Ajol","og_description":"H\u00e9bergement dans les Vosges. H\u00f4tels logis des vosges la R\u00e9sidence Val d'ajol. S\u00e9jours et weekends vosges. Vacances en famille dans les Vosges.\u00a0","og_url":"https:\/\/la-residence.com\/en\/nos-hebergements\/","og_site_name":"La R\u00e9sidence - H\u00f4tel &amp; Restaurant Val d&#039;Ajol","article_modified_time":"2024-03-02T20:01:09+00:00","og_image":[{"width":1920,"height":1278,"url":"https:\/\/la-residence.com\/wp-content\/uploads\/2015\/11\/hotel-la-residence-vosges-19.jpg","type":"image\/jpeg"}],"twitter_card":"summary_large_image","twitter_misc":{"Est. reading time":"1 minute"},"schema":{"@context":"https:\/\/schema.org","@graph":[{"@type":"WebPage","@id":"https:\/\/la-residence.com\/en\/nos-hebergements\/","url":"https:\/\/la-residence.com\/en\/nos-hebergements\/","name":"Our Accomodation - La R\u00e9sidence - H\u00f4tel &amp; Restaurant Val d&#039;Ajol","isPartOf":{"@id":"https:\/\/la-residence.com\/#website"},"primaryImageOfPage":{"@id":"https:\/\/la-residence.com\/en\/nos-hebergements\/#primaryimage"},"image":{"@id":"https:\/\/la-residence.com\/en\/nos-hebergements\/#primaryimage"},"thumbnailUrl":"https:\/\/la-residence.com\/wp-content\/uploads\/2015\/11\/hotel-la-residence-vosges-19.jpg","datePublished":"2015-11-23T14:09:38+00:00","dateModified":"2024-03-02T20:01:09+00:00","description":"H\u00e9bergement dans les Vosges. H\u00f4tels logis des vosges la R\u00e9sidence Val d'ajol. S\u00e9jours et weekends vosges. Vacances en famille dans les Vosges.\u00a0","breadcrumb":{"@id":"https:\/\/la-residence.com\/en\/nos-hebergements\/#breadcrumb"},"inLanguage":"en-US","potentialAction":[{"@type":"ReadAction","target":["https:\/\/la-residence.com\/en\/nos-hebergements\/"]}]},{"@type":"ImageObject","inLanguage":"en-US","@id":"https:\/\/la-residence.com\/en\/nos-hebergements\/#primaryimage","url":"https:\/\/la-residence.com\/wp-content\/uploads\/2015\/11\/hotel-la-residence-vosges-19.jpg","contentUrl":"https:\/\/la-residence.com\/wp-content\/uploads\/2015\/11\/hotel-la-residence-vosges-19.jpg","width":1920,"height":1278,"caption":"Tourisme h\u00e9bergement restaurant vosges val d'ajol la residence activit\u00e9 s\u00e9jours vacances weekend vosges tourisme r\u00e9sidence chambres gastronomie m\u00e9ridionnales"},{"@type":"BreadcrumbList","@id":"https:\/\/la-residence.com\/en\/nos-hebergements\/#breadcrumb","itemListElement":[{"@type":"ListItem","position":1,"name":"Accueil","item":"https:\/\/la-residence.com\/en\/"},{"@type":"ListItem","position":2,"name":"Our Accomodation"}]},{"@type":"WebSite","@id":"https:\/\/la-residence.com\/#website","url":"https:\/\/la-residence.com\/","name":"La R\u00e9sidence - H\u00f4tel &amp; Restaurant Val d&#039;Ajol","description":"H\u00f4tel*** et Restaurant au Val d&#039;Ajol","potentialAction":[{"@type":"SearchAction","target":{"@type":"EntryPoint","urlTemplate":"https:\/\/la-residence.com\/?s={search_term_string}"},"query-input":{"@type":"PropertyValueSpecification","valueRequired":true,"valueName":"search_term_string"}}],"inLanguage":"en-US"}]}},"_links":{"self":[{"href":"https:\/\/la-residence.com\/en\/wp-json\/wp\/v2\/pages\/2048","targetHints":{"allow":["GET"]}}],"collection":[{"href":"https:\/\/la-residence.com\/en\/wp-json\/wp\/v2\/pages"}],"about":[{"href":"https:\/\/la-residence.com\/en\/wp-json\/wp\/v2\/types\/page"}],"author":[{"embeddable":true,"href":"https:\/\/la-residence.com\/en\/wp-json\/wp\/v2\/users\/2"}],"replies":[{"embeddable":true,"href":"https:\/\/la-residence.com\/en\/wp-json\/wp\/v2\/comments?post=2048"}],"version-history":[{"count":7,"href":"https:\/\/la-residence.com\/en\/wp-json\/wp\/v2\/pages\/2048\/revisions"}],"predecessor-version":[{"id":5062,"href":"https:\/\/la-residence.com\/en\/wp-json\/wp\/v2\/pages\/2048\/revisions\/5062"}],"up":[{"embeddable":true,"href":"https:\/\/la-residence.com\/en\/wp-json\/wp\/v2\/pages\/2060"}],"wp:featuredmedia":[{"embeddable":true,"href":"https:\/\/la-residence.com\/en\/wp-json\/wp\/v2\/media\/928"}],"wp:attachment":[{"href":"https:\/\/la-residence.com\/en\/wp-json\/wp\/v2\/media?parent=2048"}],"curies":[{"name":"wp","href":"https:\/\/api.w.org\/{rel}","templated":true}]}}