{"id":2049,"date":"2015-12-02T09:27:22","date_gmt":"2015-12-02T08:27:22","guid":{"rendered":"http:\/\/la-residence.com\/nos-hebergements\/le-relais-fleuri\/?lang=en"},"modified":"2024-03-02T21:12:13","modified_gmt":"2024-03-02T20:12:13","slug":"le-relais-fleuri","status":"publish","type":"page","link":"https:\/\/la-residence.com\/en\/lorangerie\/le-relais-fleuri\/","title":{"rendered":"Le Relais Fleuri"},"content":{"rendered":"<p class=\"p1\"><strong><span style=\"line-height: 1.5;\">The Relais was filled with flowers in an era when murals painted in springlike colours were a favourite decoration.<\/span><\/strong><\/p>\n<p>A breath of modernity has passed through these rooms that now offer you a style that is utterly different from those of the other two buildings: contemporary colours and modern furniture.<\/p>\n<p>The Relais Fleuri also houses our family rooms where you can enjoy a hotel holiday with your children. Communicating, but separate rooms for more intimacy.<\/p>\n<p class=\"p3\"><strong>BOOK DIRECTLY: BEST PRICE GUARANTEED<\/strong><\/p>\n<p class=\"p3\"><span style=\"color: #ffffff;\">\u00a0*<\/span><\/p>\n","protected":false},"excerpt":{"rendered":"<p class=\"p1\"><span class=\"s1\"><strong>At this former coaching inn,<\/strong> <br \/>you will be charmed by the fresh, rustic setting of the stylishly colourful rooms, <br \/><\/span><span class=\"s1\">ready to welcome couples or families. <\/span><\/p>","protected":false},"author":2,"featured_media":580,"parent":2060,"menu_order":21,"comment_status":"closed","ping_status":"closed","template":"template-hebergement.php","meta":{"_acf_changed":false,"footnotes":""},"class_list":["post-2049","page","type-page","status-publish","has-post-thumbnail","hentry"],"acf":[],"yoast_head":"<!-- This site is optimized with the Yoast SEO plugin v27.3 - https:\/\/yoast.com\/product\/yoast-seo-wordpress\/ -->\n<title>Le Relais Fleuri - La R\u00e9sidence - H\u00f4tel &amp; Restaurant Val d&#039;Ajol<\/title>\n<meta name=\"description\" content=\"H\u00e9bergement dans les Vosges. H\u00f4tels logis des vosges la R\u00e9sidence Val d&#039;ajol. S\u00e9jours et weekends vosges. Vacances en famille dans les Vosges.\u00a0\" \/>\n<meta name=\"robots\" content=\"index, follow, max-snippet:-1, max-image-preview:large, max-video-preview:-1\" \/>\n<link rel=\"canonical\" href=\"https:\/\/la-residence.com\/en\/nos-hebergements\/le-relais-fleuri\/\" \/>\n<meta property=\"og:locale\" content=\"en_US\" \/>\n<meta property=\"og:type\" content=\"article\" \/>\n<meta property=\"og:title\" content=\"Le Relais Fleuri - La R\u00e9sidence - H\u00f4tel &amp; Restaurant Val d&#039;Ajol\" \/>\n<meta property=\"og:description\" content=\"H\u00e9bergement dans les Vosges. H\u00f4tels logis des vosges la R\u00e9sidence Val d&#039;ajol. S\u00e9jours et weekends vosges. Vacances en famille dans les Vosges.\u00a0\" \/>\n<meta property=\"og:url\" content=\"https:\/\/la-residence.com\/en\/nos-hebergements\/le-relais-fleuri\/\" \/>\n<meta property=\"og:site_name\" content=\"La R\u00e9sidence - H\u00f4tel &amp; Restaurant Val d&#039;Ajol\" \/>\n<meta property=\"article:modified_time\" content=\"2024-03-02T20:12:13+00:00\" \/>\n<meta property=\"og:image\" content=\"https:\/\/la-residence.com\/wp-content\/uploads\/2015\/12\/MG_2029.jpg\" \/>\n\t<meta property=\"og:image:width\" content=\"1920\" \/>\n\t<meta property=\"og:image:height\" content=\"1280\" \/>\n\t<meta property=\"og:image:type\" content=\"image\/jpeg\" \/>\n<meta name=\"twitter:card\" content=\"summary_large_image\" \/>\n<meta name=\"twitter:label1\" content=\"Est. reading time\" \/>\n\t<meta name=\"twitter:data1\" content=\"1 minute\" \/>\n<script type=\"application\/ld+json\" class=\"yoast-schema-graph\">{\"@context\":\"https:\\\/\\\/schema.org\",\"@graph\":[{\"@type\":\"WebPage\",\"@id\":\"https:\\\/\\\/la-residence.com\\\/en\\\/nos-hebergements\\\/le-relais-fleuri\\\/\",\"url\":\"https:\\\/\\\/la-residence.com\\\/en\\\/nos-hebergements\\\/le-relais-fleuri\\\/\",\"name\":\"Le Relais Fleuri - La R\u00e9sidence - H\u00f4tel &amp; Restaurant Val d&#039;Ajol\",\"isPartOf\":{\"@id\":\"https:\\\/\\\/la-residence.com\\\/#website\"},\"primaryImageOfPage\":{\"@id\":\"https:\\\/\\\/la-residence.com\\\/en\\\/nos-hebergements\\\/le-relais-fleuri\\\/#primaryimage\"},\"image\":{\"@id\":\"https:\\\/\\\/la-residence.com\\\/en\\\/nos-hebergements\\\/le-relais-fleuri\\\/#primaryimage\"},\"thumbnailUrl\":\"https:\\\/\\\/la-residence.com\\\/wp-content\\\/uploads\\\/2015\\\/12\\\/MG_2029.jpg\",\"datePublished\":\"2015-12-02T08:27:22+00:00\",\"dateModified\":\"2024-03-02T20:12:13+00:00\",\"description\":\"H\u00e9bergement dans les Vosges. H\u00f4tels logis des vosges la R\u00e9sidence Val d'ajol. S\u00e9jours et weekends vosges. Vacances en famille dans les Vosges.\u00a0\",\"breadcrumb\":{\"@id\":\"https:\\\/\\\/la-residence.com\\\/en\\\/nos-hebergements\\\/le-relais-fleuri\\\/#breadcrumb\"},\"inLanguage\":\"en-US\",\"potentialAction\":[{\"@type\":\"ReadAction\",\"target\":[\"https:\\\/\\\/la-residence.com\\\/en\\\/nos-hebergements\\\/le-relais-fleuri\\\/\"]}]},{\"@type\":\"ImageObject\",\"inLanguage\":\"en-US\",\"@id\":\"https:\\\/\\\/la-residence.com\\\/en\\\/nos-hebergements\\\/le-relais-fleuri\\\/#primaryimage\",\"url\":\"https:\\\/\\\/la-residence.com\\\/wp-content\\\/uploads\\\/2015\\\/12\\\/MG_2029.jpg\",\"contentUrl\":\"https:\\\/\\\/la-residence.com\\\/wp-content\\\/uploads\\\/2015\\\/12\\\/MG_2029.jpg\",\"width\":1920,\"height\":1280},{\"@type\":\"BreadcrumbList\",\"@id\":\"https:\\\/\\\/la-residence.com\\\/en\\\/nos-hebergements\\\/le-relais-fleuri\\\/#breadcrumb\",\"itemListElement\":[{\"@type\":\"ListItem\",\"position\":1,\"name\":\"Accueil\",\"item\":\"https:\\\/\\\/la-residence.com\\\/en\\\/\"},{\"@type\":\"ListItem\",\"position\":2,\"name\":\"Our Accomodation\",\"item\":\"https:\\\/\\\/la-residence.com\\\/en\\\/nos-hebergements\\\/\"},{\"@type\":\"ListItem\",\"position\":3,\"name\":\"Le Relais Fleuri\"}]},{\"@type\":\"WebSite\",\"@id\":\"https:\\\/\\\/la-residence.com\\\/#website\",\"url\":\"https:\\\/\\\/la-residence.com\\\/\",\"name\":\"La R\u00e9sidence - H\u00f4tel &amp; Restaurant Val d&#039;Ajol\",\"description\":\"H\u00f4tel*** et Restaurant au Val d&#039;Ajol\",\"potentialAction\":[{\"@type\":\"SearchAction\",\"target\":{\"@type\":\"EntryPoint\",\"urlTemplate\":\"https:\\\/\\\/la-residence.com\\\/?s={search_term_string}\"},\"query-input\":{\"@type\":\"PropertyValueSpecification\",\"valueRequired\":true,\"valueName\":\"search_term_string\"}}],\"inLanguage\":\"en-US\"}]}<\/script>\n<!-- \/ Yoast SEO plugin. -->","yoast_head_json":{"title":"Le Relais Fleuri - La R\u00e9sidence - H\u00f4tel &amp; Restaurant Val d&#039;Ajol","description":"H\u00e9bergement dans les Vosges. H\u00f4tels logis des vosges la R\u00e9sidence Val d'ajol. S\u00e9jours et weekends vosges. Vacances en famille dans les Vosges.\u00a0","robots":{"index":"index","follow":"follow","max-snippet":"max-snippet:-1","max-image-preview":"max-image-preview:large","max-video-preview":"max-video-preview:-1"},"canonical":"https:\/\/la-residence.com\/en\/nos-hebergements\/le-relais-fleuri\/","og_locale":"en_US","og_type":"article","og_title":"Le Relais Fleuri - La R\u00e9sidence - H\u00f4tel &amp; Restaurant Val d&#039;Ajol","og_description":"H\u00e9bergement dans les Vosges. H\u00f4tels logis des vosges la R\u00e9sidence Val d'ajol. S\u00e9jours et weekends vosges. Vacances en famille dans les Vosges.\u00a0","og_url":"https:\/\/la-residence.com\/en\/nos-hebergements\/le-relais-fleuri\/","og_site_name":"La R\u00e9sidence - H\u00f4tel &amp; Restaurant Val d&#039;Ajol","article_modified_time":"2024-03-02T20:12:13+00:00","og_image":[{"width":1920,"height":1280,"url":"https:\/\/la-residence.com\/wp-content\/uploads\/2015\/12\/MG_2029.jpg","type":"image\/jpeg"}],"twitter_card":"summary_large_image","twitter_misc":{"Est. reading time":"1 minute"},"schema":{"@context":"https:\/\/schema.org","@graph":[{"@type":"WebPage","@id":"https:\/\/la-residence.com\/en\/nos-hebergements\/le-relais-fleuri\/","url":"https:\/\/la-residence.com\/en\/nos-hebergements\/le-relais-fleuri\/","name":"Le Relais Fleuri - La R\u00e9sidence - H\u00f4tel &amp; Restaurant Val d&#039;Ajol","isPartOf":{"@id":"https:\/\/la-residence.com\/#website"},"primaryImageOfPage":{"@id":"https:\/\/la-residence.com\/en\/nos-hebergements\/le-relais-fleuri\/#primaryimage"},"image":{"@id":"https:\/\/la-residence.com\/en\/nos-hebergements\/le-relais-fleuri\/#primaryimage"},"thumbnailUrl":"https:\/\/la-residence.com\/wp-content\/uploads\/2015\/12\/MG_2029.jpg","datePublished":"2015-12-02T08:27:22+00:00","dateModified":"2024-03-02T20:12:13+00:00","description":"H\u00e9bergement dans les Vosges. H\u00f4tels logis des vosges la R\u00e9sidence Val d'ajol. S\u00e9jours et weekends vosges. Vacances en famille dans les Vosges.\u00a0","breadcrumb":{"@id":"https:\/\/la-residence.com\/en\/nos-hebergements\/le-relais-fleuri\/#breadcrumb"},"inLanguage":"en-US","potentialAction":[{"@type":"ReadAction","target":["https:\/\/la-residence.com\/en\/nos-hebergements\/le-relais-fleuri\/"]}]},{"@type":"ImageObject","inLanguage":"en-US","@id":"https:\/\/la-residence.com\/en\/nos-hebergements\/le-relais-fleuri\/#primaryimage","url":"https:\/\/la-residence.com\/wp-content\/uploads\/2015\/12\/MG_2029.jpg","contentUrl":"https:\/\/la-residence.com\/wp-content\/uploads\/2015\/12\/MG_2029.jpg","width":1920,"height":1280},{"@type":"BreadcrumbList","@id":"https:\/\/la-residence.com\/en\/nos-hebergements\/le-relais-fleuri\/#breadcrumb","itemListElement":[{"@type":"ListItem","position":1,"name":"Accueil","item":"https:\/\/la-residence.com\/en\/"},{"@type":"ListItem","position":2,"name":"Our Accomodation","item":"https:\/\/la-residence.com\/en\/nos-hebergements\/"},{"@type":"ListItem","position":3,"name":"Le Relais Fleuri"}]},{"@type":"WebSite","@id":"https:\/\/la-residence.com\/#website","url":"https:\/\/la-residence.com\/","name":"La R\u00e9sidence - H\u00f4tel &amp; Restaurant Val d&#039;Ajol","description":"H\u00f4tel*** et Restaurant au Val d&#039;Ajol","potentialAction":[{"@type":"SearchAction","target":{"@type":"EntryPoint","urlTemplate":"https:\/\/la-residence.com\/?s={search_term_string}"},"query-input":{"@type":"PropertyValueSpecification","valueRequired":true,"valueName":"search_term_string"}}],"inLanguage":"en-US"}]}},"_links":{"self":[{"href":"https:\/\/la-residence.com\/en\/wp-json\/wp\/v2\/pages\/2049","targetHints":{"allow":["GET"]}}],"collection":[{"href":"https:\/\/la-residence.com\/en\/wp-json\/wp\/v2\/pages"}],"about":[{"href":"https:\/\/la-residence.com\/en\/wp-json\/wp\/v2\/types\/page"}],"author":[{"embeddable":true,"href":"https:\/\/la-residence.com\/en\/wp-json\/wp\/v2\/users\/2"}],"replies":[{"embeddable":true,"href":"https:\/\/la-residence.com\/en\/wp-json\/wp\/v2\/comments?post=2049"}],"version-history":[{"count":7,"href":"https:\/\/la-residence.com\/en\/wp-json\/wp\/v2\/pages\/2049\/revisions"}],"predecessor-version":[{"id":5066,"href":"https:\/\/la-residence.com\/en\/wp-json\/wp\/v2\/pages\/2049\/revisions\/5066"}],"up":[{"embeddable":true,"href":"https:\/\/la-residence.com\/en\/wp-json\/wp\/v2\/pages\/2060"}],"wp:featuredmedia":[{"embeddable":true,"href":"https:\/\/la-residence.com\/en\/wp-json\/wp\/v2\/media\/580"}],"wp:attachment":[{"href":"https:\/\/la-residence.com\/en\/wp-json\/wp\/v2\/media?parent=2049"}],"curies":[{"name":"wp","href":"https:\/\/api.w.org\/{rel}","templated":true}]}}