{"id":2050,"date":"2015-12-03T11:54:33","date_gmt":"2015-12-03T10:54:33","guid":{"rendered":"http:\/\/la-residence.com\/agenda\/?lang=en"},"modified":"2024-03-02T20:57:07","modified_gmt":"2024-03-02T19:57:07","slug":"agenda","status":"publish","type":"page","link":"https:\/\/la-residence.com\/en\/la-residence\/agenda\/","title":{"rendered":"Calendar"},"content":{"rendered":"","protected":false},"excerpt":{"rendered":"<p class=\"p1\"><span class=\"s1\"><strong>Find out about all our events for 2024!<\/strong> <\/span><\/p>\r\n<p class=\"p1\"><span class=\"s1\">On the programme: themed evenings, exhibitions by local artists <br \/>and many events for you to discover&#8230; <\/span><\/p>\r\n<p>&nbsp;<\/p>","protected":false},"author":2,"featured_media":0,"parent":2022,"menu_order":28,"comment_status":"closed","ping_status":"closed","template":"template-agenda.php","meta":{"_acf_changed":false,"footnotes":""},"class_list":["post-2050","page","type-page","status-publish","hentry"],"acf":[],"yoast_head":"<!-- This site is optimized with the Yoast SEO plugin v27.5 - https:\/\/yoast.com\/product\/yoast-seo-wordpress\/ -->\n<title>Calendar - La R\u00e9sidence - H\u00f4tel &amp; Restaurant Val d&#039;Ajol<\/title>\n<meta name=\"robots\" content=\"index, follow, max-snippet:-1, max-image-preview:large, max-video-preview:-1\" \/>\n<link rel=\"canonical\" href=\"https:\/\/la-residence.com\/en\/la-residence\/agenda\/\" \/>\n<meta property=\"og:locale\" content=\"en_US\" \/>\n<meta property=\"og:type\" content=\"article\" \/>\n<meta property=\"og:title\" content=\"Calendar - La R\u00e9sidence - H\u00f4tel &amp; Restaurant Val d&#039;Ajol\" \/>\n<meta property=\"og:description\" content=\"Find out about all our events for 2024!  On the programme: themed evenings, exhibitions by local artists and many events for you to discover...  &nbsp;\" \/>\n<meta property=\"og:url\" content=\"https:\/\/la-residence.com\/en\/la-residence\/agenda\/\" \/>\n<meta property=\"og:site_name\" content=\"La R\u00e9sidence - H\u00f4tel &amp; Restaurant Val d&#039;Ajol\" \/>\n<meta property=\"article:modified_time\" content=\"2024-03-02T19:57:07+00:00\" \/>\n<meta name=\"twitter:card\" content=\"summary_large_image\" \/>\n<script type=\"application\/ld+json\" class=\"yoast-schema-graph\">{\"@context\":\"https:\\\/\\\/schema.org\",\"@graph\":[{\"@type\":\"WebPage\",\"@id\":\"https:\\\/\\\/la-residence.com\\\/en\\\/la-residence\\\/agenda\\\/\",\"url\":\"https:\\\/\\\/la-residence.com\\\/en\\\/la-residence\\\/agenda\\\/\",\"name\":\"Calendar - La R\u00e9sidence - H\u00f4tel &amp; Restaurant Val d&#039;Ajol\",\"isPartOf\":{\"@id\":\"https:\\\/\\\/la-residence.com\\\/#website\"},\"datePublished\":\"2015-12-03T10:54:33+00:00\",\"dateModified\":\"2024-03-02T19:57:07+00:00\",\"breadcrumb\":{\"@id\":\"https:\\\/\\\/la-residence.com\\\/en\\\/la-residence\\\/agenda\\\/#breadcrumb\"},\"inLanguage\":\"en-US\",\"potentialAction\":[{\"@type\":\"ReadAction\",\"target\":[\"https:\\\/\\\/la-residence.com\\\/en\\\/la-residence\\\/agenda\\\/\"]}]},{\"@type\":\"BreadcrumbList\",\"@id\":\"https:\\\/\\\/la-residence.com\\\/en\\\/la-residence\\\/agenda\\\/#breadcrumb\",\"itemListElement\":[{\"@type\":\"ListItem\",\"position\":1,\"name\":\"Accueil\",\"item\":\"https:\\\/\\\/la-residence.com\\\/en\\\/\"},{\"@type\":\"ListItem\",\"position\":2,\"name\":\"La r\u00e9sidence EN\",\"item\":\"https:\\\/\\\/la-residence.com\\\/en\\\/\"},{\"@type\":\"ListItem\",\"position\":3,\"name\":\"Calendar\"}]},{\"@type\":\"WebSite\",\"@id\":\"https:\\\/\\\/la-residence.com\\\/#website\",\"url\":\"https:\\\/\\\/la-residence.com\\\/\",\"name\":\"La R\u00e9sidence - H\u00f4tel &amp; Restaurant Val d&#039;Ajol\",\"description\":\"H\u00f4tel*** et Restaurant au Val d&#039;Ajol\",\"potentialAction\":[{\"@type\":\"SearchAction\",\"target\":{\"@type\":\"EntryPoint\",\"urlTemplate\":\"https:\\\/\\\/la-residence.com\\\/?s={search_term_string}\"},\"query-input\":{\"@type\":\"PropertyValueSpecification\",\"valueRequired\":true,\"valueName\":\"search_term_string\"}}],\"inLanguage\":\"en-US\"}]}<\/script>\n<!-- \/ Yoast SEO plugin. -->","yoast_head_json":{"title":"Calendar - La R\u00e9sidence - H\u00f4tel &amp; Restaurant Val d&#039;Ajol","robots":{"index":"index","follow":"follow","max-snippet":"max-snippet:-1","max-image-preview":"max-image-preview:large","max-video-preview":"max-video-preview:-1"},"canonical":"https:\/\/la-residence.com\/en\/la-residence\/agenda\/","og_locale":"en_US","og_type":"article","og_title":"Calendar - La R\u00e9sidence - H\u00f4tel &amp; Restaurant Val d&#039;Ajol","og_description":"Find out about all our events for 2024!  On the programme: themed evenings, exhibitions by local artists and many events for you to discover...  &nbsp;","og_url":"https:\/\/la-residence.com\/en\/la-residence\/agenda\/","og_site_name":"La R\u00e9sidence - H\u00f4tel &amp; Restaurant Val d&#039;Ajol","article_modified_time":"2024-03-02T19:57:07+00:00","twitter_card":"summary_large_image","schema":{"@context":"https:\/\/schema.org","@graph":[{"@type":"WebPage","@id":"https:\/\/la-residence.com\/en\/la-residence\/agenda\/","url":"https:\/\/la-residence.com\/en\/la-residence\/agenda\/","name":"Calendar - La R\u00e9sidence - H\u00f4tel &amp; Restaurant Val d&#039;Ajol","isPartOf":{"@id":"https:\/\/la-residence.com\/#website"},"datePublished":"2015-12-03T10:54:33+00:00","dateModified":"2024-03-02T19:57:07+00:00","breadcrumb":{"@id":"https:\/\/la-residence.com\/en\/la-residence\/agenda\/#breadcrumb"},"inLanguage":"en-US","potentialAction":[{"@type":"ReadAction","target":["https:\/\/la-residence.com\/en\/la-residence\/agenda\/"]}]},{"@type":"BreadcrumbList","@id":"https:\/\/la-residence.com\/en\/la-residence\/agenda\/#breadcrumb","itemListElement":[{"@type":"ListItem","position":1,"name":"Accueil","item":"https:\/\/la-residence.com\/en\/"},{"@type":"ListItem","position":2,"name":"La r\u00e9sidence EN","item":"https:\/\/la-residence.com\/en\/"},{"@type":"ListItem","position":3,"name":"Calendar"}]},{"@type":"WebSite","@id":"https:\/\/la-residence.com\/#website","url":"https:\/\/la-residence.com\/","name":"La R\u00e9sidence - H\u00f4tel &amp; Restaurant Val d&#039;Ajol","description":"H\u00f4tel*** et Restaurant au Val d&#039;Ajol","potentialAction":[{"@type":"SearchAction","target":{"@type":"EntryPoint","urlTemplate":"https:\/\/la-residence.com\/?s={search_term_string}"},"query-input":{"@type":"PropertyValueSpecification","valueRequired":true,"valueName":"search_term_string"}}],"inLanguage":"en-US"}]}},"_links":{"self":[{"href":"https:\/\/la-residence.com\/en\/wp-json\/wp\/v2\/pages\/2050","targetHints":{"allow":["GET"]}}],"collection":[{"href":"https:\/\/la-residence.com\/en\/wp-json\/wp\/v2\/pages"}],"about":[{"href":"https:\/\/la-residence.com\/en\/wp-json\/wp\/v2\/types\/page"}],"author":[{"embeddable":true,"href":"https:\/\/la-residence.com\/en\/wp-json\/wp\/v2\/users\/2"}],"replies":[{"embeddable":true,"href":"https:\/\/la-residence.com\/en\/wp-json\/wp\/v2\/comments?post=2050"}],"version-history":[{"count":5,"href":"https:\/\/la-residence.com\/en\/wp-json\/wp\/v2\/pages\/2050\/revisions"}],"predecessor-version":[{"id":5061,"href":"https:\/\/la-residence.com\/en\/wp-json\/wp\/v2\/pages\/2050\/revisions\/5061"}],"up":[{"embeddable":true,"href":"https:\/\/la-residence.com\/en\/wp-json\/wp\/v2\/pages\/2022"}],"wp:attachment":[{"href":"https:\/\/la-residence.com\/en\/wp-json\/wp\/v2\/media?parent=2050"}],"curies":[{"name":"wp","href":"https:\/\/api.w.org\/{rel}","templated":true}]}}