{"id":2053,"date":"2015-11-23T15:11:24","date_gmt":"2015-11-23T14:11:24","guid":{"rendered":"http:\/\/la-residence.com\/coffrets-cadeau\/?lang=en"},"modified":"2016-06-30T10:38:05","modified_gmt":"2016-06-30T09:38:05","slug":"coffrets-cadeau","status":"publish","type":"page","link":"https:\/\/la-residence.com\/en\/coffrets-cadeau\/","title":{"rendered":"Gifts packages"},"content":{"rendered":"<h3 style=\"text-align: center;\"><strong>To make your family and friends happy,\u00a0 <\/strong><br \/>\n<strong> simply select the gift voucher of your choice <\/strong><br \/>\n<strong> and add it to your basket.<\/strong><\/h3>\n<p style=\"text-align: center;\">When your order is complete, you will be asked for your full contact details<br \/>\nand your chosen method of payment (Credit Card, via Paypal or cheque).<br \/>\nYour order will only be confirmed when your payment has been received.<br \/>\nPlease contact us for further information.<\/p>\n<p class=\"p1\" style=\"text-align: center;\"><span style=\"color: #ffffff;\">*<\/span><\/p>\n<p class=\"p1\" style=\"text-align: center;\"><span style=\"color: #999999;\"><span class=\"s1\">To find out more about Paypal services and\u00a0secure payment,\u00a0<\/span><\/span><span style=\"color: #999999;\"><a style=\"color: #999999;\" href=\"https:\/\/www.paypal.com\/fr\/webapps\/mpp\/ua\/legalhub-full?locale.x=fr_FR\" target=\"_blank\">Click here<\/a><\/span><\/p>\n","protected":false},"excerpt":{"rendered":"<p>&nbsp;<\/p>\r\n<p><strong>Be tempted by a Vosges stay gift package, <\/strong><br \/> in a charming hotel in the heart of the Val d&#8217;Ajol valley.<\/p>\r\n<p>&nbsp;<\/p>\r\n<p><a href=\"#content\">How does it work?<\/a> <a href=\"http:\/\/www.coffrets-cadeaux-vosges.com\/bons-cadeaux-restaurant\/\" target=\"_blank\"> Restaurant gift vouchers<\/a> <a href=\"http:\/\/www.coffrets-cadeaux-vosges.com\/bons-cadeaux-s%C3%A9jours\/\" target=\"_blank\">Short break gift vouchers<\/a><\/p>","protected":false},"author":2,"featured_media":56,"parent":0,"menu_order":37,"comment_status":"closed","ping_status":"closed","template":"template-cadeaux.php","meta":{"_acf_changed":false,"footnotes":""},"class_list":["post-2053","page","type-page","status-publish","has-post-thumbnail","hentry"],"acf":[],"yoast_head":"<!-- This site is optimized with the Yoast SEO plugin v27.5 - https:\/\/yoast.com\/product\/yoast-seo-wordpress\/ -->\n<title>Gifts packages - La R\u00e9sidence - H\u00f4tel &amp; Restaurant Val d&#039;Ajol<\/title>\n<meta name=\"robots\" content=\"index, follow, max-snippet:-1, max-image-preview:large, max-video-preview:-1\" \/>\n<link rel=\"canonical\" href=\"https:\/\/la-residence.com\/en\/coffrets-cadeau\/\" \/>\n<meta property=\"og:locale\" content=\"en_US\" \/>\n<meta property=\"og:type\" content=\"article\" \/>\n<meta property=\"og:title\" content=\"Gifts packages - La R\u00e9sidence - H\u00f4tel &amp; Restaurant Val d&#039;Ajol\" \/>\n<meta property=\"og:description\" content=\"&nbsp; Be tempted by a Vosges stay gift package, in a charming hotel in the heart of the Val d&#039;Ajol valley. &nbsp; How does it work? Restaurant gift vouchers Short break gift vouchers\" \/>\n<meta property=\"og:url\" content=\"https:\/\/la-residence.com\/en\/coffrets-cadeau\/\" \/>\n<meta property=\"og:site_name\" content=\"La R\u00e9sidence - H\u00f4tel &amp; Restaurant Val d&#039;Ajol\" \/>\n<meta property=\"article:modified_time\" content=\"2016-06-30T09:38:05+00:00\" \/>\n<meta property=\"og:image\" content=\"https:\/\/la-residence.com\/wp-content\/uploads\/2015\/11\/bon-cadeaux.jpg\" \/>\n\t<meta property=\"og:image:width\" content=\"1920\" \/>\n\t<meta property=\"og:image:height\" content=\"1282\" \/>\n\t<meta property=\"og:image:type\" content=\"image\/jpeg\" \/>\n<meta name=\"twitter:card\" content=\"summary_large_image\" \/>\n<script type=\"application\/ld+json\" class=\"yoast-schema-graph\">{\"@context\":\"https:\\\/\\\/schema.org\",\"@graph\":[{\"@type\":\"WebPage\",\"@id\":\"https:\\\/\\\/la-residence.com\\\/en\\\/coffrets-cadeau\\\/\",\"url\":\"https:\\\/\\\/la-residence.com\\\/en\\\/coffrets-cadeau\\\/\",\"name\":\"Gifts packages - La R\u00e9sidence - H\u00f4tel &amp; Restaurant Val d&#039;Ajol\",\"isPartOf\":{\"@id\":\"https:\\\/\\\/la-residence.com\\\/#website\"},\"primaryImageOfPage\":{\"@id\":\"https:\\\/\\\/la-residence.com\\\/en\\\/coffrets-cadeau\\\/#primaryimage\"},\"image\":{\"@id\":\"https:\\\/\\\/la-residence.com\\\/en\\\/coffrets-cadeau\\\/#primaryimage\"},\"thumbnailUrl\":\"https:\\\/\\\/la-residence.com\\\/wp-content\\\/uploads\\\/2015\\\/11\\\/bon-cadeaux.jpg\",\"datePublished\":\"2015-11-23T14:11:24+00:00\",\"dateModified\":\"2016-06-30T09:38:05+00:00\",\"breadcrumb\":{\"@id\":\"https:\\\/\\\/la-residence.com\\\/en\\\/coffrets-cadeau\\\/#breadcrumb\"},\"inLanguage\":\"en-US\",\"potentialAction\":[{\"@type\":\"ReadAction\",\"target\":[\"https:\\\/\\\/la-residence.com\\\/en\\\/coffrets-cadeau\\\/\"]}]},{\"@type\":\"ImageObject\",\"inLanguage\":\"en-US\",\"@id\":\"https:\\\/\\\/la-residence.com\\\/en\\\/coffrets-cadeau\\\/#primaryimage\",\"url\":\"https:\\\/\\\/la-residence.com\\\/wp-content\\\/uploads\\\/2015\\\/11\\\/bon-cadeaux.jpg\",\"contentUrl\":\"https:\\\/\\\/la-residence.com\\\/wp-content\\\/uploads\\\/2015\\\/11\\\/bon-cadeaux.jpg\",\"width\":1920,\"height\":1282,\"caption\":\"Tourisme h\u00e9bergement restaurant vosges val d'ajol la residence activit\u00e9 s\u00e9jours vacances weekend vosges tourisme r\u00e9sidence chambres gastronomie m\u00e9ridionnales\"},{\"@type\":\"BreadcrumbList\",\"@id\":\"https:\\\/\\\/la-residence.com\\\/en\\\/coffrets-cadeau\\\/#breadcrumb\",\"itemListElement\":[{\"@type\":\"ListItem\",\"position\":1,\"name\":\"Accueil\",\"item\":\"https:\\\/\\\/la-residence.com\\\/en\\\/\"},{\"@type\":\"ListItem\",\"position\":2,\"name\":\"Gifts packages\"}]},{\"@type\":\"WebSite\",\"@id\":\"https:\\\/\\\/la-residence.com\\\/#website\",\"url\":\"https:\\\/\\\/la-residence.com\\\/\",\"name\":\"La R\u00e9sidence - H\u00f4tel &amp; Restaurant Val d&#039;Ajol\",\"description\":\"H\u00f4tel*** et Restaurant au Val d&#039;Ajol\",\"potentialAction\":[{\"@type\":\"SearchAction\",\"target\":{\"@type\":\"EntryPoint\",\"urlTemplate\":\"https:\\\/\\\/la-residence.com\\\/?s={search_term_string}\"},\"query-input\":{\"@type\":\"PropertyValueSpecification\",\"valueRequired\":true,\"valueName\":\"search_term_string\"}}],\"inLanguage\":\"en-US\"}]}<\/script>\n<!-- \/ Yoast SEO plugin. -->","yoast_head_json":{"title":"Gifts packages - La R\u00e9sidence - H\u00f4tel &amp; Restaurant Val d&#039;Ajol","robots":{"index":"index","follow":"follow","max-snippet":"max-snippet:-1","max-image-preview":"max-image-preview:large","max-video-preview":"max-video-preview:-1"},"canonical":"https:\/\/la-residence.com\/en\/coffrets-cadeau\/","og_locale":"en_US","og_type":"article","og_title":"Gifts packages - La R\u00e9sidence - H\u00f4tel &amp; Restaurant Val d&#039;Ajol","og_description":"&nbsp; Be tempted by a Vosges stay gift package, in a charming hotel in the heart of the Val d'Ajol valley. &nbsp; How does it work? Restaurant gift vouchers Short break gift vouchers","og_url":"https:\/\/la-residence.com\/en\/coffrets-cadeau\/","og_site_name":"La R\u00e9sidence - H\u00f4tel &amp; Restaurant Val d&#039;Ajol","article_modified_time":"2016-06-30T09:38:05+00:00","og_image":[{"width":1920,"height":1282,"url":"https:\/\/la-residence.com\/wp-content\/uploads\/2015\/11\/bon-cadeaux.jpg","type":"image\/jpeg"}],"twitter_card":"summary_large_image","schema":{"@context":"https:\/\/schema.org","@graph":[{"@type":"WebPage","@id":"https:\/\/la-residence.com\/en\/coffrets-cadeau\/","url":"https:\/\/la-residence.com\/en\/coffrets-cadeau\/","name":"Gifts packages - La R\u00e9sidence - H\u00f4tel &amp; Restaurant Val d&#039;Ajol","isPartOf":{"@id":"https:\/\/la-residence.com\/#website"},"primaryImageOfPage":{"@id":"https:\/\/la-residence.com\/en\/coffrets-cadeau\/#primaryimage"},"image":{"@id":"https:\/\/la-residence.com\/en\/coffrets-cadeau\/#primaryimage"},"thumbnailUrl":"https:\/\/la-residence.com\/wp-content\/uploads\/2015\/11\/bon-cadeaux.jpg","datePublished":"2015-11-23T14:11:24+00:00","dateModified":"2016-06-30T09:38:05+00:00","breadcrumb":{"@id":"https:\/\/la-residence.com\/en\/coffrets-cadeau\/#breadcrumb"},"inLanguage":"en-US","potentialAction":[{"@type":"ReadAction","target":["https:\/\/la-residence.com\/en\/coffrets-cadeau\/"]}]},{"@type":"ImageObject","inLanguage":"en-US","@id":"https:\/\/la-residence.com\/en\/coffrets-cadeau\/#primaryimage","url":"https:\/\/la-residence.com\/wp-content\/uploads\/2015\/11\/bon-cadeaux.jpg","contentUrl":"https:\/\/la-residence.com\/wp-content\/uploads\/2015\/11\/bon-cadeaux.jpg","width":1920,"height":1282,"caption":"Tourisme h\u00e9bergement restaurant vosges val d'ajol la residence activit\u00e9 s\u00e9jours vacances weekend vosges tourisme r\u00e9sidence chambres gastronomie m\u00e9ridionnales"},{"@type":"BreadcrumbList","@id":"https:\/\/la-residence.com\/en\/coffrets-cadeau\/#breadcrumb","itemListElement":[{"@type":"ListItem","position":1,"name":"Accueil","item":"https:\/\/la-residence.com\/en\/"},{"@type":"ListItem","position":2,"name":"Gifts packages"}]},{"@type":"WebSite","@id":"https:\/\/la-residence.com\/#website","url":"https:\/\/la-residence.com\/","name":"La R\u00e9sidence - H\u00f4tel &amp; Restaurant Val d&#039;Ajol","description":"H\u00f4tel*** et Restaurant au Val d&#039;Ajol","potentialAction":[{"@type":"SearchAction","target":{"@type":"EntryPoint","urlTemplate":"https:\/\/la-residence.com\/?s={search_term_string}"},"query-input":{"@type":"PropertyValueSpecification","valueRequired":true,"valueName":"search_term_string"}}],"inLanguage":"en-US"}]}},"_links":{"self":[{"href":"https:\/\/la-residence.com\/en\/wp-json\/wp\/v2\/pages\/2053","targetHints":{"allow":["GET"]}}],"collection":[{"href":"https:\/\/la-residence.com\/en\/wp-json\/wp\/v2\/pages"}],"about":[{"href":"https:\/\/la-residence.com\/en\/wp-json\/wp\/v2\/types\/page"}],"author":[{"embeddable":true,"href":"https:\/\/la-residence.com\/en\/wp-json\/wp\/v2\/users\/2"}],"replies":[{"embeddable":true,"href":"https:\/\/la-residence.com\/en\/wp-json\/wp\/v2\/comments?post=2053"}],"version-history":[{"count":5,"href":"https:\/\/la-residence.com\/en\/wp-json\/wp\/v2\/pages\/2053\/revisions"}],"predecessor-version":[{"id":2302,"href":"https:\/\/la-residence.com\/en\/wp-json\/wp\/v2\/pages\/2053\/revisions\/2302"}],"wp:featuredmedia":[{"embeddable":true,"href":"https:\/\/la-residence.com\/en\/wp-json\/wp\/v2\/media\/56"}],"wp:attachment":[{"href":"https:\/\/la-residence.com\/en\/wp-json\/wp\/v2\/media?parent=2053"}],"curies":[{"name":"wp","href":"https:\/\/api.w.org\/{rel}","templated":true}]}}