{"id":2055,"date":"2015-12-28T15:52:09","date_gmt":"2015-12-28T14:52:09","guid":{"rendered":"http:\/\/la-residence.com\/conditions-generales-de-vente\/?lang=en"},"modified":"2023-04-14T14:04:56","modified_gmt":"2023-04-14T13:04:56","slug":"conditions-generales-de-vente","status":"publish","type":"page","link":"https:\/\/la-residence.com\/en\/conditions-generales-de-vente\/","title":{"rendered":"Conditions g\u00e9n\u00e9rales de vente EN"},"content":{"rendered":"<p><strong>Conditions of reservation<\/strong><\/p>\n<p>Any reservation in our establishment implies a confirmation from us of the availability and a written and signed confirmation by the customer as well as the payment of a deposit for a minimum amount of 70 \u20ac.<br \/>\nFor promotional stays or special offers, the total amount of the stay is required.<\/p>\n<p><strong>Method of payment of the deposit :<\/strong><\/p>\n<ul>\n<li>French bank cheque made out in euros to the Residence<\/li>\n<li>VISA or MASTERCARD bank card, whose number and expiration date must be communicated to the hotel<\/li>\n<li>Vacation vouchers<\/li>\n<\/ul>\n<p><strong>Prices :<\/strong><\/p>\n<p>The prices indicated in our rates are in euros and include all taxes and services<\/p>\n<p>Composition of our rates :<\/p>\n<ul>\n<li>room formula : the room (breakfast not included)<\/li>\n<li>half-board formula : the room, breakfast, lunch or dinner<\/li>\n<\/ul>\n<p>For promotional rates, special offers or discounts, the promotion, special offer or discount applies to the total duration of the stay. No promotion, special offer or discount will be applied for a shorter period than the minimum.<\/p>\n<p>&nbsp;<\/p>\n<h3>Cancellation Policy<\/h3>\n<p><strong>Cancellation<\/strong><\/p>\n<ul>\n<li>All cancellations must be made in writing (mail, fax, email)<\/li>\n<li>In case of cancellation, the deposit will not be refunded.<\/li>\n<li>For promotional stays, special offers or discounts, the total amount of the reserved stay will be due.<\/li>\n<\/ul>\n<p><strong>Availability of rooms<\/strong><br \/>\nRooms are available from 4pm and must be vacated by 11am.<\/p>\n","protected":false},"excerpt":{"rendered":"Conditions of reservation Any reservation in our establishment implies a confirmation from us of the availability and a written and signed confirmation by the customer as well as the payment of a deposit for a minimum amount of 70 \u20ac. For promotional stays or special offers, the total amount of the stay is required. Method","protected":false},"author":2,"featured_media":0,"parent":0,"menu_order":41,"comment_status":"closed","ping_status":"closed","template":"template-legals.php","meta":{"_acf_changed":false,"footnotes":""},"class_list":["post-2055","page","type-page","status-publish","hentry"],"acf":[],"yoast_head":"<!-- This site is optimized with the Yoast SEO plugin v27.3 - https:\/\/yoast.com\/product\/yoast-seo-wordpress\/ -->\n<title>Conditions g\u00e9n\u00e9rales de vente EN - La R\u00e9sidence - H\u00f4tel &amp; Restaurant Val d&#039;Ajol<\/title>\n<meta name=\"robots\" content=\"index, follow, max-snippet:-1, max-image-preview:large, max-video-preview:-1\" \/>\n<link rel=\"canonical\" href=\"https:\/\/la-residence.com\/en\/conditions-generales-de-vente\/\" \/>\n<meta property=\"og:locale\" content=\"en_US\" \/>\n<meta property=\"og:type\" content=\"article\" \/>\n<meta property=\"og:title\" content=\"Conditions g\u00e9n\u00e9rales de vente EN - La R\u00e9sidence - H\u00f4tel &amp; Restaurant Val d&#039;Ajol\" \/>\n<meta property=\"og:description\" content=\"Conditions of reservation Any reservation in our establishment implies a confirmation from us of the availability and a written and signed confirmation by the customer as well as the payment of a deposit for a minimum amount of 70 \u20ac. For promotional stays or special offers, the total amount of the stay is required. Method\" \/>\n<meta property=\"og:url\" content=\"https:\/\/la-residence.com\/en\/conditions-generales-de-vente\/\" \/>\n<meta property=\"og:site_name\" content=\"La R\u00e9sidence - H\u00f4tel &amp; Restaurant Val d&#039;Ajol\" \/>\n<meta property=\"article:modified_time\" content=\"2023-04-14T13:04:56+00:00\" \/>\n<meta name=\"twitter:card\" content=\"summary_large_image\" \/>\n<meta name=\"twitter:label1\" content=\"Est. reading time\" \/>\n\t<meta name=\"twitter:data1\" content=\"2 minutes\" \/>\n<script type=\"application\/ld+json\" class=\"yoast-schema-graph\">{\"@context\":\"https:\\\/\\\/schema.org\",\"@graph\":[{\"@type\":\"WebPage\",\"@id\":\"https:\\\/\\\/la-residence.com\\\/en\\\/conditions-generales-de-vente\\\/\",\"url\":\"https:\\\/\\\/la-residence.com\\\/en\\\/conditions-generales-de-vente\\\/\",\"name\":\"Conditions g\u00e9n\u00e9rales de vente EN - La R\u00e9sidence - H\u00f4tel &amp; Restaurant Val d&#039;Ajol\",\"isPartOf\":{\"@id\":\"https:\\\/\\\/la-residence.com\\\/#website\"},\"datePublished\":\"2015-12-28T14:52:09+00:00\",\"dateModified\":\"2023-04-14T13:04:56+00:00\",\"breadcrumb\":{\"@id\":\"https:\\\/\\\/la-residence.com\\\/en\\\/conditions-generales-de-vente\\\/#breadcrumb\"},\"inLanguage\":\"en-US\",\"potentialAction\":[{\"@type\":\"ReadAction\",\"target\":[\"https:\\\/\\\/la-residence.com\\\/en\\\/conditions-generales-de-vente\\\/\"]}]},{\"@type\":\"BreadcrumbList\",\"@id\":\"https:\\\/\\\/la-residence.com\\\/en\\\/conditions-generales-de-vente\\\/#breadcrumb\",\"itemListElement\":[{\"@type\":\"ListItem\",\"position\":1,\"name\":\"Accueil\",\"item\":\"https:\\\/\\\/la-residence.com\\\/en\\\/\"},{\"@type\":\"ListItem\",\"position\":2,\"name\":\"Conditions g\u00e9n\u00e9rales de vente EN\"}]},{\"@type\":\"WebSite\",\"@id\":\"https:\\\/\\\/la-residence.com\\\/#website\",\"url\":\"https:\\\/\\\/la-residence.com\\\/\",\"name\":\"La R\u00e9sidence - H\u00f4tel &amp; Restaurant Val d&#039;Ajol\",\"description\":\"H\u00f4tel*** et Restaurant au Val d&#039;Ajol\",\"potentialAction\":[{\"@type\":\"SearchAction\",\"target\":{\"@type\":\"EntryPoint\",\"urlTemplate\":\"https:\\\/\\\/la-residence.com\\\/?s={search_term_string}\"},\"query-input\":{\"@type\":\"PropertyValueSpecification\",\"valueRequired\":true,\"valueName\":\"search_term_string\"}}],\"inLanguage\":\"en-US\"}]}<\/script>\n<!-- \/ Yoast SEO plugin. -->","yoast_head_json":{"title":"Conditions g\u00e9n\u00e9rales de vente EN - La R\u00e9sidence - H\u00f4tel &amp; Restaurant Val d&#039;Ajol","robots":{"index":"index","follow":"follow","max-snippet":"max-snippet:-1","max-image-preview":"max-image-preview:large","max-video-preview":"max-video-preview:-1"},"canonical":"https:\/\/la-residence.com\/en\/conditions-generales-de-vente\/","og_locale":"en_US","og_type":"article","og_title":"Conditions g\u00e9n\u00e9rales de vente EN - La R\u00e9sidence - H\u00f4tel &amp; Restaurant Val d&#039;Ajol","og_description":"Conditions of reservation Any reservation in our establishment implies a confirmation from us of the availability and a written and signed confirmation by the customer as well as the payment of a deposit for a minimum amount of 70 \u20ac. For promotional stays or special offers, the total amount of the stay is required. Method","og_url":"https:\/\/la-residence.com\/en\/conditions-generales-de-vente\/","og_site_name":"La R\u00e9sidence - H\u00f4tel &amp; Restaurant Val d&#039;Ajol","article_modified_time":"2023-04-14T13:04:56+00:00","twitter_card":"summary_large_image","twitter_misc":{"Est. reading time":"2 minutes"},"schema":{"@context":"https:\/\/schema.org","@graph":[{"@type":"WebPage","@id":"https:\/\/la-residence.com\/en\/conditions-generales-de-vente\/","url":"https:\/\/la-residence.com\/en\/conditions-generales-de-vente\/","name":"Conditions g\u00e9n\u00e9rales de vente EN - La R\u00e9sidence - H\u00f4tel &amp; Restaurant Val d&#039;Ajol","isPartOf":{"@id":"https:\/\/la-residence.com\/#website"},"datePublished":"2015-12-28T14:52:09+00:00","dateModified":"2023-04-14T13:04:56+00:00","breadcrumb":{"@id":"https:\/\/la-residence.com\/en\/conditions-generales-de-vente\/#breadcrumb"},"inLanguage":"en-US","potentialAction":[{"@type":"ReadAction","target":["https:\/\/la-residence.com\/en\/conditions-generales-de-vente\/"]}]},{"@type":"BreadcrumbList","@id":"https:\/\/la-residence.com\/en\/conditions-generales-de-vente\/#breadcrumb","itemListElement":[{"@type":"ListItem","position":1,"name":"Accueil","item":"https:\/\/la-residence.com\/en\/"},{"@type":"ListItem","position":2,"name":"Conditions g\u00e9n\u00e9rales de vente EN"}]},{"@type":"WebSite","@id":"https:\/\/la-residence.com\/#website","url":"https:\/\/la-residence.com\/","name":"La R\u00e9sidence - H\u00f4tel &amp; Restaurant Val d&#039;Ajol","description":"H\u00f4tel*** et Restaurant au Val d&#039;Ajol","potentialAction":[{"@type":"SearchAction","target":{"@type":"EntryPoint","urlTemplate":"https:\/\/la-residence.com\/?s={search_term_string}"},"query-input":{"@type":"PropertyValueSpecification","valueRequired":true,"valueName":"search_term_string"}}],"inLanguage":"en-US"}]}},"_links":{"self":[{"href":"https:\/\/la-residence.com\/en\/wp-json\/wp\/v2\/pages\/2055","targetHints":{"allow":["GET"]}}],"collection":[{"href":"https:\/\/la-residence.com\/en\/wp-json\/wp\/v2\/pages"}],"about":[{"href":"https:\/\/la-residence.com\/en\/wp-json\/wp\/v2\/types\/page"}],"author":[{"embeddable":true,"href":"https:\/\/la-residence.com\/en\/wp-json\/wp\/v2\/users\/2"}],"replies":[{"embeddable":true,"href":"https:\/\/la-residence.com\/en\/wp-json\/wp\/v2\/comments?post=2055"}],"version-history":[{"count":3,"href":"https:\/\/la-residence.com\/en\/wp-json\/wp\/v2\/pages\/2055\/revisions"}],"predecessor-version":[{"id":4454,"href":"https:\/\/la-residence.com\/en\/wp-json\/wp\/v2\/pages\/2055\/revisions\/4454"}],"wp:attachment":[{"href":"https:\/\/la-residence.com\/en\/wp-json\/wp\/v2\/media?parent=2055"}],"curies":[{"name":"wp","href":"https:\/\/api.w.org\/{rel}","templated":true}]}}