{"id":2060,"date":"2015-12-02T09:07:24","date_gmt":"2015-12-02T08:07:24","guid":{"rendered":"http:\/\/la-residence.com\/nos-hebergements\/lorangerie\/?lang=en"},"modified":"2024-03-02T21:08:20","modified_gmt":"2024-03-02T20:08:20","slug":"lorangerie","status":"publish","type":"page","link":"https:\/\/la-residence.com\/en\/lorangerie\/","title":{"rendered":"L&#8217;Orangerie"},"content":{"rendered":"<p class=\"p1\"><strong>The Relais was filled with flowers in an era when murals painted in springlike colours were a favourite decoration..<\/strong><\/p>\n<p>A breath of modernity has passed through these rooms that now offer you a style that is utterly different from those of the other two buildings: contemporary colours and modern furniture.<\/p>\n<p>The Relais Fleuri also houses our family rooms where you can enjoy a hotel holiday with your children. Communicating, but separate rooms for more intimacy.<\/p>\n<p class=\"p3\"><strong>BOOK DIRECTLY: BEST PRICE GUARANTEED<\/strong><\/p>\n<p class=\"p3\"><span style=\"color: #ffffff;\">*<\/span><\/p>\n","protected":false},"excerpt":{"rendered":"<p class=\"p1\"><span class=\"s1\"><strong>At this former coaching inn, you will be charmed by the fresh, <\/strong><br \/>rustic setting of the stylishly colourful rooms, ready to welcome couples or families.<\/span><\/p>","protected":false},"author":2,"featured_media":570,"parent":0,"menu_order":19,"comment_status":"closed","ping_status":"closed","template":"template-hebergement.php","meta":{"_acf_changed":false,"footnotes":""},"class_list":["post-2060","page","type-page","status-publish","has-post-thumbnail","hentry"],"acf":[],"yoast_head":"<!-- This site is optimized with the Yoast SEO plugin v27.3 - https:\/\/yoast.com\/product\/yoast-seo-wordpress\/ -->\n<title>L&#039;Orangerie - La R\u00e9sidence - H\u00f4tel &amp; Restaurant Val d&#039;Ajol<\/title>\n<meta name=\"description\" content=\"H\u00e9bergement dans les Vosges. H\u00f4tels logis des vosges la R\u00e9sidence Val d&#039;ajol. S\u00e9jours et weekends vosges. Vacances en famille dans les Vosges.\u00a0\" \/>\n<meta name=\"robots\" content=\"index, follow, max-snippet:-1, max-image-preview:large, max-video-preview:-1\" \/>\n<link rel=\"canonical\" href=\"https:\/\/la-residence.com\/en\/nos-hebergements\/lorangerie\/\" \/>\n<meta property=\"og:locale\" content=\"en_US\" \/>\n<meta property=\"og:type\" content=\"article\" \/>\n<meta property=\"og:title\" content=\"L&#039;Orangerie - La R\u00e9sidence - H\u00f4tel &amp; Restaurant Val d&#039;Ajol\" \/>\n<meta property=\"og:description\" content=\"H\u00e9bergement dans les Vosges. H\u00f4tels logis des vosges la R\u00e9sidence Val d&#039;ajol. S\u00e9jours et weekends vosges. Vacances en famille dans les Vosges.\u00a0\" \/>\n<meta property=\"og:url\" content=\"https:\/\/la-residence.com\/en\/nos-hebergements\/lorangerie\/\" \/>\n<meta property=\"og:site_name\" content=\"La R\u00e9sidence - H\u00f4tel &amp; Restaurant Val d&#039;Ajol\" \/>\n<meta property=\"article:modified_time\" content=\"2024-03-02T20:08:20+00:00\" \/>\n<meta property=\"og:image\" content=\"https:\/\/la-residence.com\/wp-content\/uploads\/2015\/12\/MG_2000.jpg\" \/>\n\t<meta property=\"og:image:width\" content=\"1920\" \/>\n\t<meta property=\"og:image:height\" content=\"1280\" \/>\n\t<meta property=\"og:image:type\" content=\"image\/jpeg\" \/>\n<meta name=\"twitter:card\" content=\"summary_large_image\" \/>\n<meta name=\"twitter:label1\" content=\"Est. reading time\" \/>\n\t<meta name=\"twitter:data1\" content=\"1 minute\" \/>\n<script type=\"application\/ld+json\" class=\"yoast-schema-graph\">{\"@context\":\"https:\\\/\\\/schema.org\",\"@graph\":[{\"@type\":\"WebPage\",\"@id\":\"https:\\\/\\\/la-residence.com\\\/en\\\/nos-hebergements\\\/lorangerie\\\/\",\"url\":\"https:\\\/\\\/la-residence.com\\\/en\\\/nos-hebergements\\\/lorangerie\\\/\",\"name\":\"L'Orangerie - La R\u00e9sidence - H\u00f4tel &amp; Restaurant Val d&#039;Ajol\",\"isPartOf\":{\"@id\":\"https:\\\/\\\/la-residence.com\\\/#website\"},\"primaryImageOfPage\":{\"@id\":\"https:\\\/\\\/la-residence.com\\\/en\\\/nos-hebergements\\\/lorangerie\\\/#primaryimage\"},\"image\":{\"@id\":\"https:\\\/\\\/la-residence.com\\\/en\\\/nos-hebergements\\\/lorangerie\\\/#primaryimage\"},\"thumbnailUrl\":\"https:\\\/\\\/la-residence.com\\\/wp-content\\\/uploads\\\/2015\\\/12\\\/MG_2000.jpg\",\"datePublished\":\"2015-12-02T08:07:24+00:00\",\"dateModified\":\"2024-03-02T20:08:20+00:00\",\"description\":\"H\u00e9bergement dans les Vosges. H\u00f4tels logis des vosges la R\u00e9sidence Val d'ajol. S\u00e9jours et weekends vosges. Vacances en famille dans les Vosges.\u00a0\",\"breadcrumb\":{\"@id\":\"https:\\\/\\\/la-residence.com\\\/en\\\/nos-hebergements\\\/lorangerie\\\/#breadcrumb\"},\"inLanguage\":\"en-US\",\"potentialAction\":[{\"@type\":\"ReadAction\",\"target\":[\"https:\\\/\\\/la-residence.com\\\/en\\\/nos-hebergements\\\/lorangerie\\\/\"]}]},{\"@type\":\"ImageObject\",\"inLanguage\":\"en-US\",\"@id\":\"https:\\\/\\\/la-residence.com\\\/en\\\/nos-hebergements\\\/lorangerie\\\/#primaryimage\",\"url\":\"https:\\\/\\\/la-residence.com\\\/wp-content\\\/uploads\\\/2015\\\/12\\\/MG_2000.jpg\",\"contentUrl\":\"https:\\\/\\\/la-residence.com\\\/wp-content\\\/uploads\\\/2015\\\/12\\\/MG_2000.jpg\",\"width\":1920,\"height\":1280,\"caption\":\"Tourisme h\u00e9bergement restaurant vosges val d'ajol la residence activit\u00e9 s\u00e9jours vacances weekend vosges tourisme r\u00e9sidence chambres gastronomie m\u00e9ridionnales\"},{\"@type\":\"BreadcrumbList\",\"@id\":\"https:\\\/\\\/la-residence.com\\\/en\\\/nos-hebergements\\\/lorangerie\\\/#breadcrumb\",\"itemListElement\":[{\"@type\":\"ListItem\",\"position\":1,\"name\":\"Accueil\",\"item\":\"https:\\\/\\\/la-residence.com\\\/en\\\/\"},{\"@type\":\"ListItem\",\"position\":2,\"name\":\"Our Accomodation\",\"item\":\"https:\\\/\\\/la-residence.com\\\/en\\\/nos-hebergements\\\/\"},{\"@type\":\"ListItem\",\"position\":3,\"name\":\"L&rsquo;Orangerie\"}]},{\"@type\":\"WebSite\",\"@id\":\"https:\\\/\\\/la-residence.com\\\/#website\",\"url\":\"https:\\\/\\\/la-residence.com\\\/\",\"name\":\"La R\u00e9sidence - H\u00f4tel &amp; Restaurant Val d&#039;Ajol\",\"description\":\"H\u00f4tel*** et Restaurant au Val d&#039;Ajol\",\"potentialAction\":[{\"@type\":\"SearchAction\",\"target\":{\"@type\":\"EntryPoint\",\"urlTemplate\":\"https:\\\/\\\/la-residence.com\\\/?s={search_term_string}\"},\"query-input\":{\"@type\":\"PropertyValueSpecification\",\"valueRequired\":true,\"valueName\":\"search_term_string\"}}],\"inLanguage\":\"en-US\"}]}<\/script>\n<!-- \/ Yoast SEO plugin. -->","yoast_head_json":{"title":"L'Orangerie - La R\u00e9sidence - H\u00f4tel &amp; Restaurant Val d&#039;Ajol","description":"H\u00e9bergement dans les Vosges. H\u00f4tels logis des vosges la R\u00e9sidence Val d'ajol. S\u00e9jours et weekends vosges. Vacances en famille dans les Vosges.\u00a0","robots":{"index":"index","follow":"follow","max-snippet":"max-snippet:-1","max-image-preview":"max-image-preview:large","max-video-preview":"max-video-preview:-1"},"canonical":"https:\/\/la-residence.com\/en\/nos-hebergements\/lorangerie\/","og_locale":"en_US","og_type":"article","og_title":"L'Orangerie - La R\u00e9sidence - H\u00f4tel &amp; Restaurant Val d&#039;Ajol","og_description":"H\u00e9bergement dans les Vosges. H\u00f4tels logis des vosges la R\u00e9sidence Val d'ajol. S\u00e9jours et weekends vosges. Vacances en famille dans les Vosges.\u00a0","og_url":"https:\/\/la-residence.com\/en\/nos-hebergements\/lorangerie\/","og_site_name":"La R\u00e9sidence - H\u00f4tel &amp; Restaurant Val d&#039;Ajol","article_modified_time":"2024-03-02T20:08:20+00:00","og_image":[{"width":1920,"height":1280,"url":"https:\/\/la-residence.com\/wp-content\/uploads\/2015\/12\/MG_2000.jpg","type":"image\/jpeg"}],"twitter_card":"summary_large_image","twitter_misc":{"Est. reading time":"1 minute"},"schema":{"@context":"https:\/\/schema.org","@graph":[{"@type":"WebPage","@id":"https:\/\/la-residence.com\/en\/nos-hebergements\/lorangerie\/","url":"https:\/\/la-residence.com\/en\/nos-hebergements\/lorangerie\/","name":"L'Orangerie - La R\u00e9sidence - H\u00f4tel &amp; Restaurant Val d&#039;Ajol","isPartOf":{"@id":"https:\/\/la-residence.com\/#website"},"primaryImageOfPage":{"@id":"https:\/\/la-residence.com\/en\/nos-hebergements\/lorangerie\/#primaryimage"},"image":{"@id":"https:\/\/la-residence.com\/en\/nos-hebergements\/lorangerie\/#primaryimage"},"thumbnailUrl":"https:\/\/la-residence.com\/wp-content\/uploads\/2015\/12\/MG_2000.jpg","datePublished":"2015-12-02T08:07:24+00:00","dateModified":"2024-03-02T20:08:20+00:00","description":"H\u00e9bergement dans les Vosges. H\u00f4tels logis des vosges la R\u00e9sidence Val d'ajol. S\u00e9jours et weekends vosges. Vacances en famille dans les Vosges.\u00a0","breadcrumb":{"@id":"https:\/\/la-residence.com\/en\/nos-hebergements\/lorangerie\/#breadcrumb"},"inLanguage":"en-US","potentialAction":[{"@type":"ReadAction","target":["https:\/\/la-residence.com\/en\/nos-hebergements\/lorangerie\/"]}]},{"@type":"ImageObject","inLanguage":"en-US","@id":"https:\/\/la-residence.com\/en\/nos-hebergements\/lorangerie\/#primaryimage","url":"https:\/\/la-residence.com\/wp-content\/uploads\/2015\/12\/MG_2000.jpg","contentUrl":"https:\/\/la-residence.com\/wp-content\/uploads\/2015\/12\/MG_2000.jpg","width":1920,"height":1280,"caption":"Tourisme h\u00e9bergement restaurant vosges val d'ajol la residence activit\u00e9 s\u00e9jours vacances weekend vosges tourisme r\u00e9sidence chambres gastronomie m\u00e9ridionnales"},{"@type":"BreadcrumbList","@id":"https:\/\/la-residence.com\/en\/nos-hebergements\/lorangerie\/#breadcrumb","itemListElement":[{"@type":"ListItem","position":1,"name":"Accueil","item":"https:\/\/la-residence.com\/en\/"},{"@type":"ListItem","position":2,"name":"Our Accomodation","item":"https:\/\/la-residence.com\/en\/nos-hebergements\/"},{"@type":"ListItem","position":3,"name":"L&rsquo;Orangerie"}]},{"@type":"WebSite","@id":"https:\/\/la-residence.com\/#website","url":"https:\/\/la-residence.com\/","name":"La R\u00e9sidence - H\u00f4tel &amp; Restaurant Val d&#039;Ajol","description":"H\u00f4tel*** et Restaurant au Val d&#039;Ajol","potentialAction":[{"@type":"SearchAction","target":{"@type":"EntryPoint","urlTemplate":"https:\/\/la-residence.com\/?s={search_term_string}"},"query-input":{"@type":"PropertyValueSpecification","valueRequired":true,"valueName":"search_term_string"}}],"inLanguage":"en-US"}]}},"_links":{"self":[{"href":"https:\/\/la-residence.com\/en\/wp-json\/wp\/v2\/pages\/2060","targetHints":{"allow":["GET"]}}],"collection":[{"href":"https:\/\/la-residence.com\/en\/wp-json\/wp\/v2\/pages"}],"about":[{"href":"https:\/\/la-residence.com\/en\/wp-json\/wp\/v2\/types\/page"}],"author":[{"embeddable":true,"href":"https:\/\/la-residence.com\/en\/wp-json\/wp\/v2\/users\/2"}],"replies":[{"embeddable":true,"href":"https:\/\/la-residence.com\/en\/wp-json\/wp\/v2\/comments?post=2060"}],"version-history":[{"count":9,"href":"https:\/\/la-residence.com\/en\/wp-json\/wp\/v2\/pages\/2060\/revisions"}],"predecessor-version":[{"id":5065,"href":"https:\/\/la-residence.com\/en\/wp-json\/wp\/v2\/pages\/2060\/revisions\/5065"}],"wp:featuredmedia":[{"embeddable":true,"href":"https:\/\/la-residence.com\/en\/wp-json\/wp\/v2\/media\/570"}],"wp:attachment":[{"href":"https:\/\/la-residence.com\/en\/wp-json\/wp\/v2\/media?parent=2060"}],"curies":[{"name":"wp","href":"https:\/\/api.w.org\/{rel}","templated":true}]}}